{"id":1071,"date":"2018-10-03T11:23:28","date_gmt":"2018-10-03T09:23:28","guid":{"rendered":"http:\/\/zanini-ortopedia.ch\/contacts\/"},"modified":"2025-05-14T17:30:06","modified_gmt":"2025-05-14T15:30:06","slug":"kontakt","status":"publish","type":"page","link":"https:\/\/zanini-ortopedia.ch\/de\/kontakt\/","title":{"rendered":"Kontakt"},"content":{"rendered":"<section class=\"wpb-content-wrapper\"><p>[vc_row full_width=&#8220;stretch_row&#8220; el_class=&#8220;about-section padding-top-60&#8243; css=&#8220;.vc_custom_1747236398416{margin-top: 140px !important;}&#8220;][vc_column width=&#8220;1\/2&#8243;]    <div class=\"fekra-heading-style\">\r\n        <header class=\"page-heading text-center style2\">\r\n            <div class=\"heading\">                            <h2 class=\"text-capitalize font-medium lime\">Parkpl\u00e4tze<\/h2>\r\n                            <\/div>        <\/header>\r\n    <\/div>\r\n    [vc_column_text]<\/p>\n<p style=\"text-align: center; font-size: 18px;\">Ein Kundenparkplatz ist rechts vom Gesch\u00e4ft verf\u00fcgbar. Wenn besetzt, finden Sie \u00f6ffentliche Parkpl\u00e4tze (max. 2 Std.) in der nahe: von Minusio kommend ca. 100 m vorher links auf Via San Gottardo; w\u00e4hrend von Locarno kommend neben dem Friedhof. <span class=\"Apple-converted-space\">\u00a0Vom Bahnhof Locarno zu Fuss ca. 10 Minuten. Mit dem Bus Linie 1 steigen Sie an der Haltestelle &#8222;Via Sociale&#8220; aus und gehen dann 130 Meter zu Fuss weiter.<\/span><\/p>\n<p>[\/vc_column_text][\/vc_column][vc_column width=&#8220;1\/2&#8243;][vc_single_image image=&#8220;1785&#8243; img_size=&#8220;full&#8220; alignment=&#8220;center&#8220;][\/vc_column][\/vc_row][vc_row full_width=&#8220;stretch_row&#8220; el_class=&#8220;about-section padding-top-60&#8243;][vc_column]    <div class=\"fekra-heading-style\">\r\n        <header class=\"page-heading text-center style2\">\r\n            <div class=\"heading\">                            <h2 class=\"text-capitalize font-medium lime\">\u00d6ffnungszeiten<\/h2>\r\n                            <\/div>        <\/header>\r\n    <\/div>\r\n    [vc_row_inner][vc_column_inner width=&#8220;1\/3&#8243;][vc_column_text]<\/p>\n<p style=\"text-align: center; font-size: 18px;\"><span style=\"color: #000000;\"><strong>Von Montag bis Donnerstag<\/strong><\/span><\/p>\n<p style=\"text-align: center; font-size: 18px;\">8.00-12.00 \/ 14.00-18.00<\/p>\n<p>[\/vc_column_text][\/vc_column_inner][vc_column_inner width=&#8220;1\/3&#8243;][vc_column_text]<\/p>\n<p style=\"text-align: center; font-size: 18px;\"><span style=\"color: #000000;\"><strong>Freitag<\/strong><\/span><\/p>\n<p style=\"text-align: center; font-size: 18px;\">8.00-12.00 \/14.00-17.00<\/p>\n<p>[\/vc_column_text][\/vc_column_inner][vc_column_inner width=&#8220;1\/3&#8243;][vc_column_text]<\/p>\n<p style=\"text-align: center; font-size: 18px;\"><span style=\"color: #000000;\"><strong>Samstag und Sonntag<\/strong><\/span><\/p>\n<p style=\"text-align: center; font-size: 18px;\">Geschlossen<\/p>\n<p>[\/vc_column_text][\/vc_column_inner][\/vc_row_inner][vc_row_inner][vc_column_inner][vc_column_text]<\/p>\n<p style=\"text-align: center; font-size: 18px;\"><strong>Terminvereinbarung per Telefon +41 (0) 91 743 11 21<\/strong><\/p>\n<p>[\/vc_column_text][\/vc_column_inner][\/vc_row_inner][\/vc_column][\/vc_row][vc_row full_width=&#8220;stretch_row&#8220; css=&#8220;.vc_custom_1538386682437{margin-bottom: 150px !important;}&#8220;][vc_column width=&#8220;2\/6&#8243;][vc_column_text]<\/p>\n<h2>Kontakte<\/h2>\n<p>[\/vc_column_text]    <div class=\"fekra-icon-advanced\">\r\n                    <div class=\"f-iconbox type1 fekra-icon-align-left fekra-icon-type-rounded\">\r\n                <span class=\"icon d_block fekra-icon-size-xs\">\r\n                    <i class=\"fa fa-map-marker\"><\/i>                <\/span>\r\n                <h3 class=\"title\">Adresse<\/h3>\r\n                <div><p>Zanini Ortopedia SA<br \/>\nVia S. Gottardo 24, 6600 Muralto<\/p>\n<\/div>\r\n                            <\/div>\r\n                <\/div>\r\n    [vc_empty_space]    <div class=\"fekra-icon-advanced\">\r\n                    <div class=\"f-iconbox type1 fekra-icon-align-left fekra-icon-type-rounded\">\r\n                <span class=\"icon d_block fekra-icon-size-xs\">\r\n                    <i class=\"fa fa-phone\"><\/i>                <\/span>\r\n                <h3 class=\"title\">Telefon<\/h3>\r\n                <div><p>+41 (0) 91 743 11 21<\/p>\n<\/div>\r\n                            <\/div>\r\n                <\/div>\r\n    [vc_empty_space]    <div class=\"fekra-icon-advanced\">\r\n                    <div class=\"f-iconbox type1 fekra-icon-align-left fekra-icon-type-rounded\">\r\n                <span class=\"icon d_block fekra-icon-size-xs\">\r\n                    <i class=\"fa fa-fax\"><\/i>                <\/span>\r\n                <h3 class=\"title\">Fax<\/h3>\r\n                <div><p>+41 (0) 91 743 86 87<\/p>\n<\/div>\r\n                            <\/div>\r\n                <\/div>\r\n    [vc_empty_space]    <div class=\"fekra-icon-advanced\">\r\n                    <div class=\"f-iconbox type1 fekra-icon-align-left fekra-icon-type-rounded\">\r\n                <span class=\"icon d_block fekra-icon-size-xs\">\r\n                    <i class=\"fa fa-phone\"><\/i>                <\/span>\r\n                <h3 class=\"title\">Email<\/h3>\r\n                <div><p><a style=\"color: #000; text-decoration: none;\" href=\"mailto:info@zanini-ortopedia.ch\">info@zanini-ortopedia.ch<\/a><\/p>\n<\/div>\r\n                            <\/div>\r\n                <\/div>\r\n    [\/vc_column][vc_column width=&#8220;4\/6&#8243;][vc_gmaps link=&#8220;#E-8_JTNDaWZyYW1lJTIwc3JjJTNEJTIyaHR0cHMlM0ElMkYlMkZ3d3cuZ29vZ2xlLmNvbSUyRm1hcHMlMkZlbWJlZCUzRnBiJTNEJTIxMW0xNCUyMTFtOCUyMTFtMyUyMTFkMTEwNTEuMjU1NzMyNzgzNzgyJTIxMmQ4LjgwNjc5NDMlMjEzZDQ2LjE3NDM1OTUlMjEzbTIlMjExaTEwMjQlMjEyaTc2OCUyMTRmMTMuMSUyMTNtMyUyMTFtMiUyMTFzMHgwJTI1M0EweDk4ZDQ2MDg2N2MzYWFkYTglMjEyc1phbmluaSUyQk9ydG9wZWRpYSUyQlNBJTIxNWUwJTIxM20yJTIxMXNpdCUyMTJzY2glMjE0djE1MzgxMzY1NTAwMzklMjIlMjB3aWR0aCUzRCUyMjgwMCUyMiUyMGhlaWdodCUzRCUyMjYwMCUyMiUyMGZyYW1lYm9yZGVyJTNEJTIyMCUyMiUyMHN0eWxlJTNEJTIyYm9yZGVyJTNBMCUyMiUyMGFsbG93ZnVsbHNjcmVlbiUzRSUzQyUyRmlmcmFtZSUzRQ==&#8220; size=&#8220;500&#8243;][\/vc_column][\/vc_row]<\/p>\n<\/section>","protected":false},"excerpt":{"rendered":"<p>[vc_row full_width=&#8220;stretch_row&#8220; el_class=&#8220;about-section padding-top-60&#8243; css=&#8220;.vc_custom_1747236398416{margin-top: 140px !important;}&#8220;][vc_column width=&#8220;1\/2&#8243;][vc_column_text] Ein Kundenparkplatz ist rechts vom Gesch\u00e4ft verf\u00fcgbar. Wenn besetzt, finden Sie \u00f6ffentliche Parkpl\u00e4tze (max. 2 Std.) in der nahe: von Minusio kommend ca. 100 m vorher links auf Via San Gottardo; w\u00e4hrend von Locarno kommend neben dem Friedhof. \u00a0Vom Bahnhof Locarno zu Fuss ca. 10 Minuten. Mit&#8230;<\/p>\n","protected":false},"author":1,"featured_media":0,"parent":0,"menu_order":0,"comment_status":"closed","ping_status":"closed","template":"","meta":{"footnotes":""},"_links":{"self":[{"href":"https:\/\/zanini-ortopedia.ch\/de\/wp-json\/wp\/v2\/pages\/1071"}],"collection":[{"href":"https:\/\/zanini-ortopedia.ch\/de\/wp-json\/wp\/v2\/pages"}],"about":[{"href":"https:\/\/zanini-ortopedia.ch\/de\/wp-json\/wp\/v2\/types\/page"}],"author":[{"embeddable":true,"href":"https:\/\/zanini-ortopedia.ch\/de\/wp-json\/wp\/v2\/users\/1"}],"replies":[{"embeddable":true,"href":"https:\/\/zanini-ortopedia.ch\/de\/wp-json\/wp\/v2\/comments?post=1071"}],"version-history":[{"count":23,"href":"https:\/\/zanini-ortopedia.ch\/de\/wp-json\/wp\/v2\/pages\/1071\/revisions"}],"predecessor-version":[{"id":2228,"href":"https:\/\/zanini-ortopedia.ch\/de\/wp-json\/wp\/v2\/pages\/1071\/revisions\/2228"}],"wp:attachment":[{"href":"https:\/\/zanini-ortopedia.ch\/de\/wp-json\/wp\/v2\/media?parent=1071"}],"curies":[{"name":"wp","href":"https:\/\/api.w.org\/{rel}","templated":true}]}}