{"id":1088,"date":"2018-10-03T11:45:38","date_gmt":"2018-10-03T09:45:38","guid":{"rendered":"http:\/\/zanini-ortopedia.ch\/einlagen\/"},"modified":"2018-10-26T10:34:24","modified_gmt":"2018-10-26T08:34:24","slug":"einlagen","status":"publish","type":"page","link":"https:\/\/zanini-ortopedia.ch\/de\/einlagen\/","title":{"rendered":"Einlagen"},"content":{"rendered":"<section class=\"wpb-content-wrapper\"><p>[vc_row full_width=&#8220;stretch_row_content_no_spaces&#8220;][vc_column]\n\t\t\t<!-- START plantari DE REVOLUTION SLIDER 6.6.16 --><p class=\"rs-p-wp-fix\"><\/p>\n\t\t\t<rs-module-wrap id=\"rev_slider_14_1_wrapper\" data-source=\"gallery\" style=\"visibility:hidden;background:transparent;padding:0;margin:0px auto;margin-top:0;margin-bottom:0;\">\n\t\t\t\t<rs-module id=\"rev_slider_14_1\" style=\"\" data-version=\"6.6.16\">\n\t\t\t\t\t<rs-slides style=\"overflow: hidden; position: absolute;\">\n\t\t\t\t\t\t<rs-slide style=\"position: absolute;\" data-key=\"rs-18\" data-title=\"Slide\" data-anim=\"adpr:false;\">\n\t\t\t\t\t\t\t<img src=\"\/\/zanini-ortopedia.ch\/wp-content\/plugins\/revslider\/public\/assets\/assets\/dummy.png\" alt=\"\" title=\"Einlagen\" class=\"rev-slidebg tp-rs-img rs-lazyload\" data-lazyload=\"\/\/zanini-ortopedia.ch\/wp-content\/uploads\/2018\/10\/slide-plantari-4.jpg\" data-no-retina>\n<!--\n\t\t\t\t\t\t\t--><rs-layer\n\t\t\t\t\t\t\t\tid=\"slider-14-slide-18-layer-1\" \n\t\t\t\t\t\t\t\tclass=\"large_text\"\n\t\t\t\t\t\t\t\tdata-type=\"text\"\n\t\t\t\t\t\t\t\tdata-color=\"#fff\"\n\t\t\t\t\t\t\t\tdata-rsp_ch=\"on\"\n\t\t\t\t\t\t\t\tdata-xy=\"x:c;y:c;yo:-61px;\"\n\t\t\t\t\t\t\t\tdata-text=\"s:80;l:40;a:inherit;\"\n\t\t\t\t\t\t\t\tdata-frame_0=\"sX:0.8;sY:0.8;tp:600;\"\n\t\t\t\t\t\t\t\tdata-frame_1=\"tp:600;e:power4.out;st:0;sp:1500;\"\n\t\t\t\t\t\t\t\tdata-frame_999=\"o:0;tp:600;st:w;sR:7500;\"\n\t\t\t\t\t\t\t\tstyle=\"z-index:5;font-family:'Open Sans';position:absolute;text-shadow:0px 2px 5px rgba(0, 0, 0, 0.5);white-space:nowrap;\"\n\t\t\t\t\t\t\t>Zanini Ortopedia \n\t\t\t\t\t\t\t<\/rs-layer><!--\n\n\t\t\t\t\t\t\t--><rs-layer\n\t\t\t\t\t\t\t\tid=\"myid\" \n\t\t\t\t\t\t\t\tclass=\"large_text\"\n\t\t\t\t\t\t\t\tdata-type=\"text\"\n\t\t\t\t\t\t\t\tdata-color=\"#fff\"\n\t\t\t\t\t\t\t\tdata-rsp_ch=\"on\"\n\t\t\t\t\t\t\t\tdata-xy=\"x:c;y:300px;\"\n\t\t\t\t\t\t\t\tdata-text=\"s:40;l:40;ls:0px;a:center;\"\n\t\t\t\t\t\t\t\tdata-frame_0=\"sX:0.8;sY:0.8;tp:600;\"\n\t\t\t\t\t\t\t\tdata-frame_1=\"tp:600;e:power4.out;st:0;sp:1500;\"\n\t\t\t\t\t\t\t\tdata-frame_999=\"o:0;tp:600;st:w;sR:7500;\"\n\t\t\t\t\t\t\t\tstyle=\"z-index:6;font-family:'Open Sans';text-transform:uppercase;position:absolute;text-shadow:0px 2px 5px rgba(0, 0, 0, 0.5);white-space:nowrap;\"\n\t\t\t\t\t\t\t>Einlagen \n\t\t\t\t\t\t\t<\/rs-layer><!--\n\n\t\t\t\t\t\t\t--><rs-layer\n\t\t\t\t\t\t\t\tid=\"slider-14-slide-18-layer-3\" \n\t\t\t\t\t\t\t\tclass=\"tp-shape tp-shapewrapper\"\n\t\t\t\t\t\t\t\tdata-type=\"shape\"\n\t\t\t\t\t\t\t\tdata-rsp_ch=\"on\"\n\t\t\t\t\t\t\t\tdata-xy=\"x:c;y:c;\"\n\t\t\t\t\t\t\t\tdata-text=\"a:inherit;\"\n\t\t\t\t\t\t\t\tdata-dim=\"w:200px;h:5px;\"\n\t\t\t\t\t\t\t\tdata-frame_0=\"y:-100%;o:1;tp:600;\"\n\t\t\t\t\t\t\t\tdata-frame_0_mask=\"u:t;\"\n\t\t\t\t\t\t\t\tdata-frame_1=\"tp:600;st:0;sp:1500;\"\n\t\t\t\t\t\t\t\tdata-frame_1_mask=\"u:t;\"\n\t\t\t\t\t\t\t\tdata-frame_999=\"o:0;tp:600;st:w;sR:7500;\"\n\t\t\t\t\t\t\t\tstyle=\"z-index:7;background-color:#d84847;\"\n\t\t\t\t\t\t\t> \n\t\t\t\t\t\t\t<\/rs-layer><!--\n-->\t\t\t\t\t\t<\/rs-slide>\n\t\t\t\t\t<\/rs-slides>\n\t\t\t\t<\/rs-module>\n\t\t\t\t<script>\n\t\t\t\t\tsetREVStartSize({c: 'rev_slider_14_1',rl:[1240,1024,778,480],el:[],gw:[1240],gh:[550],type:'hero',justify:'',layout:'fullwidth',mh:\"0\"});if (window.RS_MODULES!==undefined && window.RS_MODULES.modules!==undefined && window.RS_MODULES.modules[\"revslider141\"]!==undefined) {window.RS_MODULES.modules[\"revslider141\"].once = false;window.revapi14 = undefined;if (window.RS_MODULES.checkMinimal!==undefined) window.RS_MODULES.checkMinimal()}\n\t\t\t\t<\/script>\n\t\t\t<\/rs-module-wrap>\n\t\t\t<!-- END REVOLUTION SLIDER -->\n[\/vc_column][\/vc_row][vc_row css=&#8220;.vc_custom_1538138014477{margin-top: 100px !important;}&#8220;][vc_column]    <div class=\"fekra-heading-style\">\r\n        <header class=\"page-heading text-center small\">\r\n                                        <h1 class=\"heading lime text-capitalize font-medium\">Einlagen<\/h1>\r\n                                    <\/header>\r\n    <\/div>\r\n    [\/vc_column][\/vc_row][vc_row css=&#8220;.vc_custom_1538140154163{margin-bottom: 150px !important;}&#8220;][vc_column width=&#8220;2\/6&#8243;][vc_single_image image=&#8220;1271&#8243; img_size=&#8220;full&#8220;][\/vc_column][vc_column width=&#8220;4\/6&#8243;][vc_column_text]Einlagen helfen uns bei Fuss-, Gelenk-, Muskeln- und Sehnenschmerzen. Sie sind wichtig f\u00fcr die Dynamik und verst\u00e4rken uns das Gehen.<span class=\"Apple-converted-space\">\u00a0 \u00a0<\/span><\/p>\n<p>Fuss-<span class=\"Apple-converted-space\">\u00a0 <\/span>oder Knieschmerzen, Hallux Valgus, Fersensporn, Gelenk- oder Muskelentz\u00fcndungen, Problemen im Sport,\u2026 sind nur einige Beschwerden f\u00fcr welche die Einlagen der effektivste Massnahme zur Entlastung und Verbesserung Ihre Problemen sind.<span class=\"Apple-converted-space\">\u00a0<\/span><\/p>\n<p>Schuheinalgen sind individuell und werden nach Funktionen, Problemen und Brauchen Ihrer F\u00fcsse angefertigt; Material und Form werden nach pers\u00f6nlichen Anspr\u00fcchen ausgew\u00e4hlt.<span class=\"Apple-converted-space\">\u00a0<\/span><\/p>\n<p>Einlagen sind mobil und k\u00f6nnen ausgewechselt, das hei\u00dft in verschiedenen Schuhen getragen werden; oder fest, zum Beispiel integriert direkt in Ihren Schuhen.<span class=\"Apple-converted-space\">\u00a0<\/span><\/p>\n<p>Einlagen k\u00f6nnen Sie mit Arztrezept \u00fcber die Zusatzversicherung Ihrer Krankenkasse abrechnen.<span class=\"Apple-converted-space\">\u00a0<\/span>[\/vc_column_text][\/vc_column][\/vc_row]<\/p>\n<\/section>","protected":false},"excerpt":{"rendered":"<p>[vc_row full_width=&#8220;stretch_row_content_no_spaces&#8220;][vc_column][\/vc_column][\/vc_row][vc_row css=&#8220;.vc_custom_1538138014477{margin-top: 100px !important;}&#8220;][vc_column][\/vc_column][\/vc_row][vc_row css=&#8220;.vc_custom_1538140154163{margin-bottom: 150px !important;}&#8220;][vc_column width=&#8220;2\/6&#8243;][vc_single_image image=&#8220;1271&#8243; img_size=&#8220;full&#8220;][\/vc_column][vc_column width=&#8220;4\/6&#8243;][vc_column_text]Einlagen helfen uns bei Fuss-, Gelenk-, Muskeln- und Sehnenschmerzen. Sie sind wichtig f\u00fcr die Dynamik und verst\u00e4rken uns das Gehen.\u00a0 \u00a0 Fuss-\u00a0 oder Knieschmerzen, Hallux Valgus, Fersensporn, Gelenk- oder Muskelentz\u00fcndungen, Problemen im Sport,\u2026 sind nur einige Beschwerden f\u00fcr welche die Einlagen der effektivste Massnahme&#8230;<\/p>\n","protected":false},"author":1,"featured_media":0,"parent":0,"menu_order":0,"comment_status":"closed","ping_status":"closed","template":"","meta":{"footnotes":""},"_links":{"self":[{"href":"https:\/\/zanini-ortopedia.ch\/de\/wp-json\/wp\/v2\/pages\/1088"}],"collection":[{"href":"https:\/\/zanini-ortopedia.ch\/de\/wp-json\/wp\/v2\/pages"}],"about":[{"href":"https:\/\/zanini-ortopedia.ch\/de\/wp-json\/wp\/v2\/types\/page"}],"author":[{"embeddable":true,"href":"https:\/\/zanini-ortopedia.ch\/de\/wp-json\/wp\/v2\/users\/1"}],"replies":[{"embeddable":true,"href":"https:\/\/zanini-ortopedia.ch\/de\/wp-json\/wp\/v2\/comments?post=1088"}],"version-history":[{"count":4,"href":"https:\/\/zanini-ortopedia.ch\/de\/wp-json\/wp\/v2\/pages\/1088\/revisions"}],"predecessor-version":[{"id":1349,"href":"https:\/\/zanini-ortopedia.ch\/de\/wp-json\/wp\/v2\/pages\/1088\/revisions\/1349"}],"wp:attachment":[{"href":"https:\/\/zanini-ortopedia.ch\/de\/wp-json\/wp\/v2\/media?parent=1088"}],"curies":[{"name":"wp","href":"https:\/\/api.w.org\/{rel}","templated":true}]}}