{"id":1129,"date":"2018-10-03T14:33:17","date_gmt":"2018-10-03T12:33:17","guid":{"rendered":"http:\/\/zanini-ortopedia.ch\/gesundheitsprodukte\/"},"modified":"2018-11-13T15:07:46","modified_gmt":"2018-11-13T13:07:46","slug":"gesundheitsprodukte","status":"publish","type":"page","link":"https:\/\/zanini-ortopedia.ch\/de\/gesundheitsprodukte\/","title":{"rendered":"Gesundheitsprodukte"},"content":{"rendered":"<section class=\"wpb-content-wrapper\"><p>[vc_row full_width=&#8220;stretch_row_content_no_spaces&#8220;][vc_column]\n\t\t\t<!-- START Prodotti sanitari DE REVOLUTION SLIDER 6.6.16 --><p class=\"rs-p-wp-fix\"><\/p>\n\t\t\t<rs-module-wrap id=\"rev_slider_21_1_wrapper\" data-source=\"gallery\" style=\"visibility:hidden;background:transparent;padding:0;margin:0px auto;margin-top:0;margin-bottom:0;\">\n\t\t\t\t<rs-module id=\"rev_slider_21_1\" style=\"\" data-version=\"6.6.16\">\n\t\t\t\t\t<rs-slides style=\"overflow: hidden; position: absolute;\">\n\t\t\t\t\t\t<rs-slide style=\"position: absolute;\" data-key=\"rs-25\" data-title=\"Slide\" data-anim=\"adpr:false;\">\n\t\t\t\t\t\t\t<img src=\"\/\/zanini-ortopedia.ch\/wp-content\/plugins\/revslider\/public\/assets\/assets\/dummy.png\" alt=\"\" title=\"Gesundheitsprodukte\" class=\"rev-slidebg tp-rs-img rs-lazyload\" data-lazyload=\"\/\/zanini-ortopedia.ch\/wp-content\/uploads\/2018\/10\/slide-prodotti-sanitari-1.jpg\" data-no-retina>\n<!--\n\t\t\t\t\t\t\t--><rs-layer\n\t\t\t\t\t\t\t\tid=\"myid\" \n\t\t\t\t\t\t\t\tclass=\"myclass large_text\"\n\t\t\t\t\t\t\t\tdata-type=\"text\"\n\t\t\t\t\t\t\t\tdata-color=\"#fff\"\n\t\t\t\t\t\t\t\tdata-rsp_ch=\"on\"\n\t\t\t\t\t\t\t\tdata-xy=\"x:c;y:c;yo:-60px;\"\n\t\t\t\t\t\t\t\tdata-text=\"s:80;l:40;a:inherit;\"\n\t\t\t\t\t\t\t\tdata-frame_0=\"sX:0.8;sY:0.8;tp:600;\"\n\t\t\t\t\t\t\t\tdata-frame_1=\"tp:600;e:power4.out;st:0;sp:1500;\"\n\t\t\t\t\t\t\t\tdata-frame_999=\"o:0;tp:600;st:w;sR:7500;\"\n\t\t\t\t\t\t\t\tstyle=\"z-index:5;font-family:'Open Sans';position:absolute;text-shadow:0px 2px 5px rgba(0, 0, 0, 0.5);white-space:nowrap;\"\n\t\t\t\t\t\t\t>Zanini Ortopedia \n\t\t\t\t\t\t\t<\/rs-layer><!--\n\n\t\t\t\t\t\t\t--><rs-layer\n\t\t\t\t\t\t\t\tid=\"myid\" \n\t\t\t\t\t\t\t\tclass=\"myclass2 large_text\"\n\t\t\t\t\t\t\t\tdata-type=\"text\"\n\t\t\t\t\t\t\t\tdata-color=\"#fff\"\n\t\t\t\t\t\t\t\tdata-rsp_ch=\"on\"\n\t\t\t\t\t\t\t\tdata-xy=\"x:c;y:300px;\"\n\t\t\t\t\t\t\t\tdata-text=\"s:40;l:40;ls:0px;a:center;\"\n\t\t\t\t\t\t\t\tdata-frame_0=\"sX:0.8;sY:0.8;tp:600;\"\n\t\t\t\t\t\t\t\tdata-frame_1=\"tp:600;e:power4.out;st:0;sp:1500;\"\n\t\t\t\t\t\t\t\tdata-frame_999=\"o:0;tp:600;st:w;sR:7500;\"\n\t\t\t\t\t\t\t\tstyle=\"z-index:6;font-family:'Open Sans';text-transform:uppercase;position:absolute;text-shadow:0px 2px 5px rgba(0, 0, 0, 0.5);white-space:nowrap;\"\n\t\t\t\t\t\t\t>Gesundheitsprodukte \n\t\t\t\t\t\t\t<\/rs-layer><!--\n\n\t\t\t\t\t\t\t--><rs-layer\n\t\t\t\t\t\t\t\tid=\"slider-21-slide-25-layer-3\" \n\t\t\t\t\t\t\t\tclass=\"tp-shape tp-shapewrapper\"\n\t\t\t\t\t\t\t\tdata-type=\"shape\"\n\t\t\t\t\t\t\t\tdata-rsp_ch=\"on\"\n\t\t\t\t\t\t\t\tdata-xy=\"x:c;y:c;\"\n\t\t\t\t\t\t\t\tdata-text=\"a:inherit;\"\n\t\t\t\t\t\t\t\tdata-dim=\"w:200px;h:5px;\"\n\t\t\t\t\t\t\t\tdata-frame_0=\"y:-100%;o:1;tp:600;\"\n\t\t\t\t\t\t\t\tdata-frame_0_mask=\"u:t;\"\n\t\t\t\t\t\t\t\tdata-frame_1=\"tp:600;st:0;sp:1500;\"\n\t\t\t\t\t\t\t\tdata-frame_1_mask=\"u:t;\"\n\t\t\t\t\t\t\t\tdata-frame_999=\"o:0;tp:600;st:w;sR:7500;\"\n\t\t\t\t\t\t\t\tstyle=\"z-index:7;background-color:#d84847;\"\n\t\t\t\t\t\t\t> \n\t\t\t\t\t\t\t<\/rs-layer><!--\n-->\t\t\t\t\t\t<\/rs-slide>\n\t\t\t\t\t<\/rs-slides>\n\t\t\t\t<\/rs-module>\n\t\t\t\t<script>\n\t\t\t\t\tsetREVStartSize({c: 'rev_slider_21_1',rl:[1240,1024,778,480],el:[],gw:[1240],gh:[550],type:'hero',justify:'',layout:'fullwidth',mh:\"0\"});if (window.RS_MODULES!==undefined && window.RS_MODULES.modules!==undefined && window.RS_MODULES.modules[\"revslider211\"]!==undefined) {window.RS_MODULES.modules[\"revslider211\"].once = false;window.revapi21 = undefined;if (window.RS_MODULES.checkMinimal!==undefined) window.RS_MODULES.checkMinimal()}\n\t\t\t\t<\/script>\n\t\t\t<\/rs-module-wrap>\n\t\t\t<!-- END REVOLUTION SLIDER -->\n[\/vc_column][\/vc_row][vc_row css=&#8220;.vc_custom_1538138014477{margin-top: 100px !important;}&#8220;][vc_column]    <div class=\"fekra-heading-style\">\r\n        <header class=\"page-heading text-center small\">\r\n                                        <h1 class=\"heading lime text-capitalize font-medium\">Gesundheitsprodukte<\/h1>\r\n                                    <\/header>\r\n    <\/div>\r\n    [\/vc_column][\/vc_row][vc_row css=&#8220;.vc_custom_1538140154163{margin-bottom: 150px !important;}&#8220;][vc_column width=&#8220;2\/6&#8243;][vc_single_image image=&#8220;1655&#8243; img_size=&#8220;full&#8220;][vc_single_image image=&#8220;1773&#8243; img_size=&#8220;full&#8220;][\/vc_column][vc_column width=&#8220;4\/6&#8243;][vc_column_text css=&#8220;.vc_custom_1538468651267{margin-top: -20px !important;}&#8220;]<\/p>\n<h3>BANDAGEN UND SCHIENEN<\/h3>\n<p>Wir bieten Ihnen eine breite Palette von verschiedenen Fuss , Hand oder Knie Bandagen; sowie stabilisierende Schienen. Wir messen die korrekte Gr\u00f6sse und gemeinsam helfen wir Ihnen, das passende Produkt zu w\u00e4hlen.<span class=\"Apple-converted-space\">\u00a0<\/span><\/p>\n<h3>KOMPRESSIONSTR\u00dcMPFE<\/h3>\n<p>Bei uns ist es m\u00f6glich nach Mass oder vorgefertigte Kompressionstr\u00fcmpfe zu erhalten; sowie verschiedene Typen von diabetischen Socken.<span class=\"Apple-converted-space\">\u00a0<\/span><\/p>\n<p>F\u00fcr Kompressionstr\u00fcmpfe nach Mass beraten wir Ihnen individuell und Messungen werden morgens empfohlen. <span class=\"Apple-converted-space\">\u00a0<\/span><\/p>\n<h3>GEHHILFEN<\/h3>\n<p>Der Klassiker in Holz oder die Neuheiten in Kohlefaser? Klapp-St\u00f6cke? Abgenutzter Gummi? \u2026 Sogar die St\u00f6cke entwickeln sich und von uns k\u00f6nnen Sie den ausw\u00e4hlen, der zu Ihnen passt.<span class=\"Apple-converted-space\">\u00a0<\/span><\/p>\n<p>Wir bieten auch einen Mietservice f\u00fcr Kr\u00fccken an und ersetzen Ihre abgenutzten Gummis.<span class=\"Apple-converted-space\">\u00a0<\/span><\/p>\n<h3>VERK\u00c4UFSPRODUKTE<\/h3>\n<p>Hammerzehenkissen, Zehenspreizen, weiche Fersenentlastungspolster, Fusscreme, Entlastungsschuhe, Stabilisationsschuhe f\u00fcr Achillessehne-Ruptur, Hallux-Vagus oder Post-OP, Verbandschuhe, Schuhe f\u00fcr Diabetiker und andere Produkte k\u00f6nnen Sie bei uns finden.<span class=\"Apple-converted-space\">\u00a0<\/span><\/p>\n<p>Wir empfehlen gerne.<span class=\"Apple-converted-space\">\u00a0<\/span>[\/vc_column_text][\/vc_column][\/vc_row]<\/p>\n<\/section>","protected":false},"excerpt":{"rendered":"<p>[vc_row full_width=&#8220;stretch_row_content_no_spaces&#8220;][vc_column][\/vc_column][\/vc_row][vc_row css=&#8220;.vc_custom_1538138014477{margin-top: 100px !important;}&#8220;][vc_column][\/vc_column][\/vc_row][vc_row css=&#8220;.vc_custom_1538140154163{margin-bottom: 150px !important;}&#8220;][vc_column width=&#8220;2\/6&#8243;][vc_single_image image=&#8220;1655&#8243; img_size=&#8220;full&#8220;][vc_single_image image=&#8220;1773&#8243; img_size=&#8220;full&#8220;][\/vc_column][vc_column width=&#8220;4\/6&#8243;][vc_column_text css=&#8220;.vc_custom_1538468651267{margin-top: -20px !important;}&#8220;] BANDAGEN UND SCHIENEN Wir bieten Ihnen eine breite Palette von verschiedenen Fuss , Hand oder Knie Bandagen; sowie stabilisierende Schienen. Wir messen die korrekte Gr\u00f6sse und gemeinsam helfen wir Ihnen, das passende Produkt zu w\u00e4hlen.\u00a0 KOMPRESSIONSTR\u00dcMPFE Bei uns&#8230;<\/p>\n","protected":false},"author":1,"featured_media":0,"parent":0,"menu_order":0,"comment_status":"closed","ping_status":"closed","template":"","meta":{"footnotes":""},"_links":{"self":[{"href":"https:\/\/zanini-ortopedia.ch\/de\/wp-json\/wp\/v2\/pages\/1129"}],"collection":[{"href":"https:\/\/zanini-ortopedia.ch\/de\/wp-json\/wp\/v2\/pages"}],"about":[{"href":"https:\/\/zanini-ortopedia.ch\/de\/wp-json\/wp\/v2\/types\/page"}],"author":[{"embeddable":true,"href":"https:\/\/zanini-ortopedia.ch\/de\/wp-json\/wp\/v2\/users\/1"}],"replies":[{"embeddable":true,"href":"https:\/\/zanini-ortopedia.ch\/de\/wp-json\/wp\/v2\/comments?post=1129"}],"version-history":[{"count":7,"href":"https:\/\/zanini-ortopedia.ch\/de\/wp-json\/wp\/v2\/pages\/1129\/revisions"}],"predecessor-version":[{"id":1776,"href":"https:\/\/zanini-ortopedia.ch\/de\/wp-json\/wp\/v2\/pages\/1129\/revisions\/1776"}],"wp:attachment":[{"href":"https:\/\/zanini-ortopedia.ch\/de\/wp-json\/wp\/v2\/media?parent=1129"}],"curies":[{"name":"wp","href":"https:\/\/api.w.org\/{rel}","templated":true}]}}