{"id":1739,"date":"2018-11-09T16:41:23","date_gmt":"2018-11-09T14:41:23","guid":{"rendered":"http:\/\/zanini-ortopedia.ch\/rechtliches\/"},"modified":"2018-11-09T16:41:23","modified_gmt":"2018-11-09T14:41:23","slug":"rechtliches","status":"publish","type":"page","link":"https:\/\/zanini-ortopedia.ch\/de\/rechtliches\/","title":{"rendered":"Rechtliches"},"content":{"rendered":"<section class=\"wpb-content-wrapper\"><p>[vc_row][vc_column][vc_column_text]<\/p>\n<h3><strong><em>Haftung<\/em><\/strong><\/h3>\n<p>Obwohl der Autor mit aller Sorgfalt auf die Richtigkeit der ver\u00f6ffentlichten Informationen achten, kann hinsichtlich der inhaltlichen Richtigkeit, Genauigkeit, Aktualit\u00e4t, Zuverl\u00e4ssigkeit und Vollst\u00e4ndigkeit dieser Informationen keine Gew\u00e4hrleistung \u00fcbernommen werden.<\/p>\n<p>Der Autor beh\u00e4lt sich ausdr\u00fccklich vor, jederzeit Inhalte ohne Ank\u00fcndigung ganz oder teilweise zu \u00e4ndern, zu l\u00f6schen oder zeitweise nicht zu ver\u00f6ffentlichen.<\/p>\n<p>Haftungsanspr\u00fcche gegen den Autor wegen Sch\u00e4den materieller oder immaterieller Art, welche aus dem Zugriff oder der Nutzung bzw. Nichtnutzung der ver\u00f6ffentlichten Informationen, durch Missbrauch der Verbindung oder durch technische St\u00f6rungen entstanden sind, werden ausgeschlossen.<\/p>\n<h3><strong><em>Verweise und Links<\/em><\/strong><\/h3>\n<p>Verweise und Links auf Webseiten Dritter liegen ausserhalb unseres Verantwortungsbereichs. Der Zugriff und die Nutzung solcher Webseiten erfolgen auf eigene Gefahr des Nutzers oder der Nutzerin. Wir haben keinen Einfluss auf die Gestaltung, den Inhalt und die Angebote der verkn\u00fcpften Seiten. Informationen und Dienstleistungen von verkn\u00fcpften Webseiten liegen vollumf\u00e4nglich in der Verantwortung des jeweiligen Dritten. Es wird jegliche Verantwortung f\u00fcr solche Webseiten abgelehnt.[\/vc_column_text][vc_column_text]<\/p>\n<h3><strong><em>Datenschutz<\/em><\/strong><\/h3>\n<p>Gest\u00fctzt auf Artikel 13 der schweizerischen Bundesverfassung und die datenschutzrechtlichen Bestimmungen des Bundes hat jede Person Anspruch auf Schutz ihrer Privatsph\u00e4re sowie auf Schutz vor Missbrauch ihrer pers\u00f6nlichen Daten. Wir halten diese Bestimmungen ein. Pers\u00f6nliche Daten werden streng vertraulich behandelt und weder an Dritte verkauft noch weiter gegeben.<\/p>\n<p>In enger Zusammenarbeit mit unseren Hosting-Providern bem\u00fchen wir uns, die Datenbanken so gut wie m\u00f6glich vor fremden Zugriffen, Verlusten, Missbrauch oder vor F\u00e4lschung zu sch\u00fctzen.<\/p>\n<p>Beim Zugriff auf unsere Webseiten werden folgende Daten in Logfiles gespeichert: IP-Adresse, Datum, Uhrzeit, Browser-Anfrage und allg. \u00fcbertragene Informationen zum Betriebssystem resp. Browser.<\/p>\n<p>Diese Nutzungsdaten bilden die Basis f\u00fcr statistische, anonyme Auswertungen, so dass Trends erkennbar sind, anhand derer wir unsere Angebotebentsprechend verbessern k\u00f6nnen. Gem\u00e4ss Bundesgesetz betreffend die \u00dcberwachung des Post- und Fernmeldeverkehrs (B\u00dcPF) besteht eine gesetzliche Aufbewahrungspflicht f\u00fcr Verbindungsdaten der letzten sechs Monate.<\/p>\n<h3><strong><em>Datenschutzerkl\u00e4rung f\u00fcr die Nutzung von Google Analytics:<\/em><\/strong><\/h3>\n<p>Diese Website benutzt Google Analytics, einen Webanalysedienst der Google Inc. (\u201eGoogle\u201c).Google Analytics verwendet sog. \u201eCookies\u201c, Textdateien, die auf Ihrem Computer gespeichert werden und die eine Analyse der Benutzung der Website durch Sie erm\u00f6glicht. Die durch den Cookie erzeugten Informationen \u00fcber Ihre Benutzung diese Website (einschliesslich Ihrer IP-Adresse) wird an einen Server von Google in den USA \u00fcbertragen und dort gespeichert. Google wird diese Informationen benutzen, um Ihre Nutzung der Website auszuwerten, um Reports \u00fcber die Websiteaktivit\u00e4ten f\u00fcr die Websitebetreiber zusammenzustellen und um weitere mit der Websitenutzung und der Internetnutzung verbundene Dienstleistungen zu erbringen. Auch wird Google diese Informationen gegebenenfalls an Dritte \u00fcbertragen, sofern dies gesetzlich vorgeschrieben oder soweit Dritte diese Daten im Auftrag von Google verarbeiten. Google wird in keinem Fall Ihre IP-Adresse mit anderen Daten der Google in Verbindung bringen. Sie k\u00f6nnen die Installation der Cookies durch eine entsprechende Einstellung Ihrer Browser Software verhindern; wir weisen Sie jedoch darauf hin, dass Sie in diesem Fall gegebenenfalls nicht s\u00e4mtliche Funktionen dieser Website voll umf\u00e4nglich nutzen k\u00f6nnen. Durch die Nutzung dieser Website erkl\u00e4ren Sie sich mit der Bearbeitung der \u00fcber Sie erhobenen Daten durch Google in der zuvor beschriebenen Art und Weise und zu dem zuvor benannten Zweck einverstanden.\u201c<\/p>\n<h3><strong><em>Copyright<\/em><\/strong><\/h3>\n<p>Die auf den Websites vom Zanini Orthop\u00e4die AG enthaltenen Informationen werden der \u00d6ffentlichkeit zug\u00e4nglich gemacht. Durch das Herunterladen oder Kopieren von Inhalten, Bildern, Fotos oder anderen Dateien werden keinerlei Rechte bez\u00fcglich der Inhalte \u00fcbertragen.<\/p>\n<p>Die Urheber- und alle anderen Rechte an Inhalten, Bildern, Fotos oder anderen Dateien auf der Website geh\u00f6ren ausschliesslich der Firma Zanini Orthop\u00e4die AG oder den speziell genannten Rechtsinhabern. F\u00fcr die Reproduktion jeglicher Elemente ist die schriftliche Zustimmung der Urheberrechtstr\u00e4ger im Voraus einzuholen.[\/vc_column_text][\/vc_column][\/vc_row]<\/p>\n<\/section>","protected":false},"excerpt":{"rendered":"<p>[vc_row][vc_column][vc_column_text] Haftung Obwohl der Autor mit aller Sorgfalt auf die Richtigkeit der ver\u00f6ffentlichten Informationen achten, kann hinsichtlich der inhaltlichen Richtigkeit, Genauigkeit, Aktualit\u00e4t, Zuverl\u00e4ssigkeit und Vollst\u00e4ndigkeit dieser Informationen keine Gew\u00e4hrleistung \u00fcbernommen werden. Der Autor beh\u00e4lt sich ausdr\u00fccklich vor, jederzeit Inhalte ohne Ank\u00fcndigung ganz oder teilweise zu \u00e4ndern, zu l\u00f6schen oder zeitweise nicht zu ver\u00f6ffentlichen. Haftungsanspr\u00fcche gegen&#8230;<\/p>\n","protected":false},"author":1,"featured_media":0,"parent":0,"menu_order":0,"comment_status":"closed","ping_status":"closed","template":"","meta":{"footnotes":""},"_links":{"self":[{"href":"https:\/\/zanini-ortopedia.ch\/de\/wp-json\/wp\/v2\/pages\/1739"}],"collection":[{"href":"https:\/\/zanini-ortopedia.ch\/de\/wp-json\/wp\/v2\/pages"}],"about":[{"href":"https:\/\/zanini-ortopedia.ch\/de\/wp-json\/wp\/v2\/types\/page"}],"author":[{"embeddable":true,"href":"https:\/\/zanini-ortopedia.ch\/de\/wp-json\/wp\/v2\/users\/1"}],"replies":[{"embeddable":true,"href":"https:\/\/zanini-ortopedia.ch\/de\/wp-json\/wp\/v2\/comments?post=1739"}],"version-history":[{"count":1,"href":"https:\/\/zanini-ortopedia.ch\/de\/wp-json\/wp\/v2\/pages\/1739\/revisions"}],"predecessor-version":[{"id":1740,"href":"https:\/\/zanini-ortopedia.ch\/de\/wp-json\/wp\/v2\/pages\/1739\/revisions\/1740"}],"wp:attachment":[{"href":"https:\/\/zanini-ortopedia.ch\/de\/wp-json\/wp\/v2\/media?parent=1739"}],"curies":[{"name":"wp","href":"https:\/\/api.w.org\/{rel}","templated":true}]}}