{"id":687,"date":"2018-10-01T13:42:01","date_gmt":"2018-10-01T11:42:01","guid":{"rendered":"http:\/\/zanini-ortopedia.ch\/zanini-orthopadie\/"},"modified":"2018-12-13T11:59:45","modified_gmt":"2018-12-13T09:59:45","slug":"zanini-orthopadie","status":"publish","type":"page","link":"https:\/\/zanini-ortopedia.ch\/de\/","title":{"rendered":"Zanini Orthop\u00e4die"},"content":{"rendered":"<section class=\"wpb-content-wrapper\"><p>[vc_row full_width=&#8220;stretch_row_content_no_spaces&#8220;][vc_column][rev_slider_vc alias=&#8220;home-de&#8220;][\/vc_column][\/vc_row][vc_row el_class=&#8220;about-section padding-top-60&#8243;][vc_column]    <div class=\"fekra-heading-style\">\r\n        <header class=\"page-heading text-center small\">\r\n                                        <h1 class=\"heading lime text-capitalize font-medium\">Zanini Orthop\u00e4die<\/h1>\r\n                                    <\/header>\r\n    <\/div>\r\n    [\/vc_column][\/vc_row][vc_row el_class=&#8220;about-section padding-top-25 padding-bottom-60&#8243; css=&#8220;.vc_custom_1538062675773{margin-bottom: 50px !important;padding-bottom: 50px !important;}&#8220;][vc_column el_class=&#8220;about-section&#8220; offset=&#8220;vc_col-lg-6 vc_col-md-6&#8243;]    <div class=\"fekra-icon-advanced\">\r\n                    <div class=\"icon-normal\">\r\n                <div class=\"box fekra-icon-align-left\">\r\n                    <h3 class=\"title fekra-icon-size-lg\"><i class=\"fa fa-caret-right\"><\/i>Unsere Firma<\/h3>\r\n                    <div><\/div>\r\n                                    <\/div>\r\n            <\/div>\r\n                <\/div>\r\n    [vc_column_text css=&#8220;.vc_custom_1541684696084{margin-top: -10px !important;}&#8220;]<span style=\"color: #000000; font-size: 16px;\">Zanini Orthop\u00e4die wurde im Oktober 1982 gegr\u00fcndet, davon in den ersten 7 Jahren in Einzelform, und ab 1989 umgewandelt in eine AG. Gr\u00fcnder der Firma ist Zanini Fabio geboren in Cavergno im Jahr 1953, Bundesdiplomierte Schuhmachermeister im 1977 und eidgen\u00f6ssisches\u00a0Eidgen\u00f6ssisches Bundesdiplomierte Orthop\u00e4die Schuhmachermeister im 1981. <span class=\"Apple-converted-space\">\u00a0<\/span><\/span>[\/vc_column_text][vc_column_text css=&#8220;.vc_custom_1542117538023{margin-top: -10px !important;}&#8220;]<span style=\"color: #000000; font-size: 16px;\">Seit Oktober 2017 arbeitet in der Firma ebenfalls der Sohn Emiliano; der wurde auch eidgen\u00f6ssisches Bundesdiplomierte Orthop\u00e4die Schuhmachermeister, im Jahr 2015.<\/span>[\/vc_column_text][vc_column_text css=&#8220;.vc_custom_1538052193360{margin-top: -10px !important;}&#8220;]<span style=\"color: #000000; font-size: 16px;\">Zanini Orthop\u00e4die AG, ist ein Unternehmen, das sich haupts\u00e4chlich mit Problemen des Statik, Dynamics und Gang besch\u00e4ftigt. <\/span>[\/vc_column_text]    <div class=\"fekra-btn vc_btn3-containers vc_btn3-inline fekra_btn_position_ubtn-left vc_tta-container  vc_custom_1544518522184\">\r\n    <a onmouseleave=\"this.style.borderColor='transparent'; this.style.backgroundColor='#d84647'; this.style.color='#ffffff'\" href=\"https:\/\/zanini-ortopedia.ch\/de\/unsere-firma\/\" title=\"\" target=\"_self\" style=\"background-color:#d84647; border-color:transparent; color:#ffffff; font-size:12px; line-height:16px;\" class=\"vc_btn3-size-ubtn-normal btn\">Finde mehr heraus<\/a><\/div>[\/vc_column][vc_column offset=&#8220;vc_col-lg-6 vc_col-md-6&#8243;][vc_row_inner][vc_column_inner width=&#8220;1\/2&#8243;][vc_single_image image=&#8220;1239&#8243; img_size=&#8220;full&#8220; css=&#8220;.vc_custom_1541609990547{margin-bottom: 28px !important;}&#8220;][vc_single_image image=&#8220;1236&#8243; img_size=&#8220;full&#8220;][\/vc_column_inner][vc_column_inner width=&#8220;1\/2&#8243;][vc_single_image image=&#8220;1242&#8243; img_size=&#8220;full&#8220;][\/vc_column_inner][\/vc_row_inner][\/vc_column][\/vc_row][vc_row full_width=&#8220;stretch_row&#8220; bg_color_opacity=&#8220;enable_color_opacity&#8220; color_op=&#8220;#efefef&#8220; css=&#8220;.vc_custom_1538151532889{padding-top: 100px !important;}&#8220;][vc_column]    <div class=\"fekra-heading-style\">\r\n        <header class=\"page-heading text-center small\">\r\n                                        <h1 class=\"heading margin-bottom-10 padding-bottom-10 lime text-capitalize font-medium\">Unsere Dienstleistungen<\/h1>\r\n                            <p style=\"text-align: center;\">Fragen? Problemen? Schmerzen? Oder einfach W\u00fcnsche? Wir sind hier um Ihnen zu helfen. Lassen Sie von uns individuell beraten, zusammen finden wir die geeignete L\u00f6sung.<br \/>\n<span class=\"Apple-converted-space\">\u00a0<\/span><\/p>\n        <\/header>\r\n    <\/div>\r\n    [\/vc_column][\/vc_row][vc_row full_width=&#8220;stretch_row&#8220; bg_color_opacity=&#8220;enable_color_opacity&#8220; color_op=&#8220;#efefef&#8220; css=&#8220;.vc_custom_1538381848402{margin-top: -50px !important;padding-bottom: 100px !important;}&#8220; el_id=&#8220;contain-servizi-home&#8220;][vc_column width=&#8220;4\/12&#8243; el_id=&#8220;servizihome-sx&#8220;][vc_row_inner content_placement=&#8220;middle&#8220;][vc_column_inner width=&#8220;4\/6&#8243; el_id=&#8220;servizi-testo&#8220;][vc_column_text]<\/p>\n<h3 style=\"text-align: right;\">Einlagen<\/h3>\n<p style=\"text-align: right;\">Sie entladen schmerzhaften Punkte in den F\u00fcssen, korrigieren die Statik und entlasten.<\/p>\n<p style=\"text-align: right;\"><a href=\"https:\/\/zanini-ortopedia.ch\/de\/einlagen\/\"><strong>Erfahren Sie mehr<\/strong><\/a><\/p>\n<p>[\/vc_column_text][\/vc_column_inner][vc_column_inner width=&#8220;2\/6&#8243; el_id=&#8220;servizi-immagine-primo&#8220;][vc_single_image image=&#8220;1055&#8243; img_size=&#8220;full&#8220; alignment=&#8220;right&#8220;][\/vc_column_inner][\/vc_row_inner][vc_row_inner content_placement=&#8220;middle&#8220;][vc_column_inner width=&#8220;4\/6&#8243; el_id=&#8220;servizi-testo&#8220;][vc_column_text]<\/p>\n<h3 style=\"text-align: right;\">Orthop\u00e4dische Ma\u00dfschuhe<\/h3>\n<p style=\"text-align: right;\">Schuhe nach Mass \u00fcber ihren eigene Leisten montiert.<\/p>\n<p style=\"text-align: right;\"><a href=\"https:\/\/zanini-ortopedia.ch\/de\/massschuhe\/\"><strong>Erfahren Sie mehr<\/strong><\/a><\/p>\n<p>[\/vc_column_text][\/vc_column_inner][vc_column_inner width=&#8220;2\/6&#8243; el_id=&#8220;servizi-immagine-primo&#8220;][vc_single_image image=&#8220;1646&#8243; img_size=&#8220;full&#8220; alignment=&#8220;right&#8220;][\/vc_column_inner][\/vc_row_inner][vc_row_inner content_placement=&#8220;middle&#8220;][vc_column_inner width=&#8220;4\/6&#8243; el_id=&#8220;servizi-testo&#8220;][vc_column_text]<\/p>\n<h3 style=\"text-align: right;\">Orthop\u00e4dische Serienschuhe<\/h3>\n<p style=\"text-align: right;\">Angepasste Schuhe mit integrierte Einlagen.<\/p>\n<p style=\"text-align: right;\"><a href=\"https:\/\/zanini-ortopedia.ch\/de\/orthopadische-serienschuhe\/\"><strong>Erfahren Sie mehr<\/strong><\/a><\/p>\n<p>[\/vc_column_text][\/vc_column_inner][vc_column_inner width=&#8220;2\/6&#8243; el_id=&#8220;servizi-immagine-primo&#8220;][vc_single_image image=&#8220;1035&#8243; img_size=&#8220;full&#8220; alignment=&#8220;right&#8220;][\/vc_column_inner][\/vc_row_inner][vc_row_inner content_placement=&#8220;middle&#8220;][vc_column_inner width=&#8220;4\/6&#8243; el_id=&#8220;servizi-testo&#8220;][vc_column_text]<\/p>\n<h3 style=\"text-align: right;\">Schuhzurichtungen<\/h3>\n<p style=\"text-align: right;\">\u00c4nderungen und Verbesserungen an Ihren Alltagsschuhen.<\/p>\n<p style=\"text-align: right;\"><a href=\"https:\/\/zanini-ortopedia.ch\/de\/schuhzurichtungen\/\"><strong>Erfahren Sie mehr<\/strong><\/a><\/p>\n<p>[\/vc_column_text][\/vc_column_inner][vc_column_inner width=&#8220;2\/6&#8243; el_id=&#8220;servizi-immagine-primo&#8220;][vc_single_image image=&#8220;1165&#8243; img_size=&#8220;full&#8220; alignment=&#8220;right&#8220;][\/vc_column_inner][\/vc_row_inner][\/vc_column][vc_column width=&#8220;4\/12&#8243; el_id=&#8220;servizihome-images&#8220;][rev_slider_vc alias=&#8220;scarpe&#8220;][\/vc_column][vc_column width=&#8220;4\/12&#8243; el_id=&#8220;servizihome-dx&#8220;][vc_row_inner content_placement=&#8220;middle&#8220;][vc_column_inner width=&#8220;2\/6&#8243; el_id=&#8220;servizi-immagine&#8220;][vc_single_image image=&#8220;1169&#8243; img_size=&#8220;full&#8220;][\/vc_column_inner][vc_column_inner width=&#8220;4\/6&#8243; el_id=&#8220;servizi-testo&#8220;][vc_column_text]<\/p>\n<h3 style=\"text-align: left;\">Orthesen\/Prothesen<\/h3>\n<p style=\"text-align: left;\">Hilfsmittel zur Stabilisierung und Kompensation bei Funktionsausf\u00e4llen, sowie nach Amputationen.<\/p>\n<p style=\"text-align: left;\"><a href=\"https:\/\/zanini-ortopedia.ch\/de\/orthesen-prothesen\/\"><strong>Erfahren Sie mehr<\/strong><\/a><\/p>\n<p>[\/vc_column_text][\/vc_column_inner][\/vc_row_inner][vc_row_inner content_placement=&#8220;middle&#8220;][vc_column_inner width=&#8220;2\/6&#8243; el_id=&#8220;servizi-immagine&#8220;][vc_single_image image=&#8220;1173&#8243; img_size=&#8220;full&#8220;][\/vc_column_inner][vc_column_inner width=&#8220;4\/6&#8243; el_id=&#8220;servizi-testo&#8220;][vc_column_text]<\/p>\n<h3 style=\"text-align: left;\">Ganganalyse<\/h3>\n<p>mit Hilfe elektronischen Ger\u00e4ten es ist m\u00f6glich Ihren Gangbild zu kontrollieren.<\/p>\n<p style=\"text-align: left;\"><strong><a href=\"https:\/\/zanini-ortopedia.ch\/de\/ganganalyse\/\">Erfahren Sie mehr<\/a><\/strong><\/p>\n<p>[\/vc_column_text][\/vc_column_inner][\/vc_row_inner][vc_row_inner content_placement=&#8220;middle&#8220;][vc_column_inner width=&#8220;2\/6&#8243; el_id=&#8220;servizi-immagine&#8220;][vc_single_image image=&#8220;1642&#8243; img_size=&#8220;full&#8220;][\/vc_column_inner][vc_column_inner width=&#8220;4\/6&#8243; el_id=&#8220;servizi-testo&#8220;][vc_column_text]<\/p>\n<h3 style=\"text-align: left;\">Reparaturen<\/h3>\n<p>wir f\u00fchren Reparaturen an Ihren allt\u00e4glichen Schuhen jeglicher Art durch.<\/p>\n<p style=\"text-align: left;\"><strong><a href=\"https:\/\/zanini-ortopedia.ch\/de\/reparaturen\/\">Erfahren Sie mehr<\/a><\/strong><\/p>\n<p>[\/vc_column_text][\/vc_column_inner][\/vc_row_inner][vc_row_inner content_placement=&#8220;middle&#8220;][vc_column_inner width=&#8220;2\/6&#8243; el_id=&#8220;servizi-immagine&#8220;][vc_single_image image=&#8220;1059&#8243; img_size=&#8220;full&#8220;][\/vc_column_inner][vc_column_inner width=&#8220;4\/6&#8243; el_id=&#8220;servizi-testo&#8220;][vc_column_text]<\/p>\n<h3 style=\"text-align: left;\">Gesundheitsprodukte<\/h3>\n<p style=\"text-align: left;\">Bandagen, Schienen, Kompressionsstr\u00fcmpfe, Gehilfe\u00a0<span lang=\"DE-CH\">und vieles mehr. <\/span><\/p>\n<p style=\"text-align: left;\"><a href=\"https:\/\/zanini-ortopedia.ch\/de\/gesundheitsprodukte\/\"><strong>Erfahren Sie mehr<\/strong><\/a><\/p>\n<p>[\/vc_column_text][\/vc_column_inner][\/vc_row_inner][\/vc_column][\/vc_row][vc_row full_width=&#8220;stretch_row&#8220; css=&#8220;.vc_custom_1538469641651{padding-top: 100px !important;}&#8220;][vc_column]    <div class=\"fekra-heading-style  vc_custom_1540830477019\">\r\n        <header class=\"page-heading text-center small\">\r\n                                        <h1 class=\"heading margin-bottom-10 padding-bottom-10 lime text-capitalize font-medium\">Schuhe und ihre pflege<\/h1>\r\n                            <p style=\"text-align: center;\"><span lang=\"DE-CH\">Der Schuh ist ein sehr wichtiges Objekt f\u00fcr unser Wohlbefinden<\/span><\/p>\n        <\/header>\r\n    <\/div>\r\n    [\/vc_column][\/vc_row][vc_row el_class=&#8220;about-section padding-top-25 padding-bottom-60&#8243; css=&#8220;.vc_custom_1538469657711{margin-bottom: 100px !important;}&#8220;][vc_column el_class=&#8220;about-section&#8220; offset=&#8220;vc_col-lg-6 vc_col-md-6&#8243;][vc_row_inner][vc_column_inner][vc_single_image image=&#8220;1210&#8243; img_size=&#8220;full&#8220; css=&#8220;.vc_custom_1540481300915{margin-bottom: 28px !important;}&#8220;][\/vc_column_inner][\/vc_row_inner][vc_row_inner][vc_column_inner][vc_single_image image=&#8220;1217&#8243; img_size=&#8220;full&#8220; css=&#8220;.vc_custom_1540481467824{margin-bottom: 28px !important;}&#8220;][\/vc_column_inner][\/vc_row_inner][vc_row_inner][vc_column_inner][vc_single_image image=&#8220;1221&#8243; img_size=&#8220;full&#8220; css=&#8220;.vc_custom_1540481615666{margin-bottom: 28px !important;}&#8220;][\/vc_column_inner][\/vc_row_inner][\/vc_column][vc_column offset=&#8220;vc_col-lg-6 vc_col-md-6&#8243;][vc_column_text css=&#8220;.vc_custom_1540830276658{margin-top: -10px !important;}&#8220;]<span style=\"font-size: 18px;\">Der Schuh ist ein sehr wichtiges Objekt f\u00fcr unser Wohlbefinden! Oft geben wir ihm nicht die richtige Bedeutung, die er verdient. Einige von uns arbeiten stehende den ganzen Tag andere dr\u00e4ngen die F\u00fcsse und den K\u00f6rper mit dem Sport und andere tragen den ganzen Tag die gleichen Hausschuhe.<\/span>[\/vc_column_text][vc_column_text css=&#8220;.vc_custom_1540830295738{margin-top: -10px !important;}&#8220;]<span style=\"font-size: 18px;\">Deshalb braucht man immer den idealen Schuh f\u00fcr das, was man macht!<\/span><\/p>\n<p><span style=\"font-size: 18px;\">Wenn zu klein, zu niedrig, ohne Verst\u00e4rkungen oder Stabilit\u00e4t, abh\u00e4ngig von der Notwendigkeit kann es sich negativ auswirken und daher Probleme verursachen.<\/span>[\/vc_column_text][vc_column_text css=&#8220;.vc_custom_1540830315779{margin-top: -10px !important;}&#8220;]<span style=\"font-size: 18px;\">Als Orthop\u00e4die-Betrieb haben wir selbst kein Schuhladen, jedoch k\u00f6nnen wir Ihnen immer noch einige Modelle zeigen und vor allem empfehlen sie den Schuh, der zu Ihnen passt.<\/span><\/p>\n<p><span style=\"font-size: 18px;\">Ob es Schuhe f\u00fcr zu Hause oder f\u00fcr draussen sind, Sandalen, Sportschuhe, Bergschuhe oder Arbeitsschuhe, k\u00f6nnen wir bei einige Lieferanten solche Schuhe bestellen (zum Beispiel: Finn Comfort, Str\u00f6ber, Meindl, Husko).<\/span>[\/vc_column_text][vc_column_text css=&#8220;.vc_custom_1541683666399{margin-top: -10px !important;}&#8220;]<span style=\"font-size: 18px;\">Bei uns finden Sie auch n\u00fctzliche Produkte f\u00fcr die Pflege Ihrer Schuhen:<\/span><\/p>\n<p>&nbsp;<\/p>\n<ul style=\"font-size: 18px;\">\n<li>Schuhcreme f\u00fcr glatt oder Rauleder<\/li>\n<li>Impr\u00e4gnierung-Spray<\/li>\n<li>B\u00fcrsten<\/li>\n<li>Schuhb\u00e4ndeln<\/li>\n<li>Schuhl\u00f6ffel<\/li>\n<\/ul>\n<p><span style=\"font-size: 18px;\">\u2026 und verschiedene andere Produkte.<\/span>[\/vc_column_text][\/vc_column][\/vc_row][vc_row full_width=&#8220;stretch_row_content_no_spaces&#8220; css=&#8220;.vc_custom_1538136662695{margin-bottom: -35px !important;}&#8220;][vc_column][vc_gmaps link=&#8220;#E-8_JTNDaWZyYW1lJTIwc3JjJTNEJTIyaHR0cHMlM0ElMkYlMkZ3d3cuZ29vZ2xlLmNvbSUyRm1hcHMlMkZlbWJlZCUzRnBiJTNEJTIxMW0xNCUyMTFtOCUyMTFtMyUyMTFkMTEwNTEuMjU1NzMyNzgzNzgyJTIxMmQ4LjgwNjc5NDMlMjEzZDQ2LjE3NDM1OTUlMjEzbTIlMjExaTEwMjQlMjEyaTc2OCUyMTRmMTMuMSUyMTNtMyUyMTFtMiUyMTFzMHgwJTI1M0EweDk4ZDQ2MDg2N2MzYWFkYTglMjEyc1phbmluaSUyQk9ydG9wZWRpYSUyQlNBJTIxNWUwJTIxM20yJTIxMXNpdCUyMTJzY2glMjE0djE1MzgxMzY1NTAwMzklMjIlMjB3aWR0aCUzRCUyMjgwMCUyMiUyMGhlaWdodCUzRCUyMjYwMCUyMiUyMGZyYW1lYm9yZGVyJTNEJTIyMCUyMiUyMHN0eWxlJTNEJTIyYm9yZGVyJTNBMCUyMiUyMGFsbG93ZnVsbHNjcmVlbiUzRSUzQyUyRmlmcmFtZSUzRQ==&#8220;][\/vc_column][\/vc_row]<\/p>\n<\/section>","protected":false},"excerpt":{"rendered":"<p>[vc_row full_width=&#8220;stretch_row_content_no_spaces&#8220;][vc_column][rev_slider_vc alias=&#8220;home-de&#8220;][\/vc_column][\/vc_row][vc_row el_class=&#8220;about-section padding-top-60&#8243;][vc_column][\/vc_column][\/vc_row][vc_row el_class=&#8220;about-section padding-top-25 padding-bottom-60&#8243; css=&#8220;.vc_custom_1538062675773{margin-bottom: 50px !important;padding-bottom: 50px !important;}&#8220;][vc_column el_class=&#8220;about-section&#8220; offset=&#8220;vc_col-lg-6 vc_col-md-6&#8243;][vc_column_text css=&#8220;.vc_custom_1541684696084{margin-top: -10px !important;}&#8220;]Zanini Orthop\u00e4die wurde im Oktober 1982 gegr\u00fcndet, davon in den ersten 7 Jahren in Einzelform, und ab 1989 umgewandelt in eine AG. Gr\u00fcnder der Firma ist Zanini Fabio geboren in Cavergno im Jahr 1953, Bundesdiplomierte Schuhmachermeister im&#8230;<\/p>\n","protected":false},"author":1,"featured_media":0,"parent":0,"menu_order":0,"comment_status":"closed","ping_status":"closed","template":"","meta":{"footnotes":""},"_links":{"self":[{"href":"https:\/\/zanini-ortopedia.ch\/de\/wp-json\/wp\/v2\/pages\/687"}],"collection":[{"href":"https:\/\/zanini-ortopedia.ch\/de\/wp-json\/wp\/v2\/pages"}],"about":[{"href":"https:\/\/zanini-ortopedia.ch\/de\/wp-json\/wp\/v2\/types\/page"}],"author":[{"embeddable":true,"href":"https:\/\/zanini-ortopedia.ch\/de\/wp-json\/wp\/v2\/users\/1"}],"replies":[{"embeddable":true,"href":"https:\/\/zanini-ortopedia.ch\/de\/wp-json\/wp\/v2\/comments?post=687"}],"version-history":[{"count":35,"href":"https:\/\/zanini-ortopedia.ch\/de\/wp-json\/wp\/v2\/pages\/687\/revisions"}],"predecessor-version":[{"id":1968,"href":"https:\/\/zanini-ortopedia.ch\/de\/wp-json\/wp\/v2\/pages\/687\/revisions\/1968"}],"wp:attachment":[{"href":"https:\/\/zanini-ortopedia.ch\/de\/wp-json\/wp\/v2\/media?parent=687"}],"curies":[{"name":"wp","href":"https:\/\/api.w.org\/{rel}","templated":true}]}}