{"id":1073,"date":"2018-10-03T11:24:27","date_gmt":"2018-10-03T09:24:27","guid":{"rendered":"http:\/\/zanini-ortopedia.ch\/r\/"},"modified":"2025-08-22T07:26:06","modified_gmt":"2025-08-22T05:26:06","slug":"contacts","status":"publish","type":"page","link":"https:\/\/zanini-ortopedia.ch\/fr\/contacts\/","title":{"rendered":"Contacts"},"content":{"rendered":"<section class=\"wpb-content-wrapper\"><p>[vc_row full_width=\u00a0\u00bbstretch_row\u00a0\u00bb el_class=\u00a0\u00bbabout-section padding-top-60&Prime; css=\u00a0\u00bb.vc_custom_1747236243086{margin-top: 140px !important;}\u00a0\u00bb][vc_column width=\u00a0\u00bb1\/2&Prime;]    <div class=\"fekra-heading-style\">\r\n        <header class=\"page-heading text-center style2\">\r\n            <div class=\"heading\">                            <h2 class=\"text-capitalize font-medium lime\">Parkings<\/h2>\r\n                            <\/div>        <\/header>\r\n    <\/div>\r\n    [vc_column_text]<\/p>\n<p style=\"text-align: center; font-size: 18px;\">Un parking pour clients est disponible \u00e0 droite du b\u00e2timent. Si il est occup\u00e9, vous pouvez trouver des parkings publics (avec disque max. 2Hrs.) \u00e0 proximit\u00e9: arrivant de Minusio \u00e0 environ 100 m avant \u00e0 gauche sur Via San Gottardo\u00a0; arrivant de Locarno \u00e0 c\u00f4t\u00e9 du cimeti\u00e8re.<span class=\"Apple-converted-space\">\u00a0 De la gare de Locarno \u00e0 pied env. 10 minutes. En bus, Ligne 1 descendre \u00e0 l&rsquo;arr\u00eat \u00ab\u00a0Via Sociale\u00a0\u00bb, puis continuer 130 m\u00e8tres \u00e0 pied.<\/span><\/p>\n<p>[\/vc_column_text][\/vc_column][vc_column width=\u00a0\u00bb1\/2&Prime;][vc_single_image image=\u00a0\u00bb1784&Prime; img_size=\u00a0\u00bbfull\u00a0\u00bb alignment=\u00a0\u00bbcenter\u00a0\u00bb][\/vc_column][\/vc_row][vc_row full_width=\u00a0\u00bbstretch_row\u00a0\u00bb el_class=\u00a0\u00bbabout-section padding-top-60&Prime;][vc_column]    <div class=\"fekra-heading-style\">\r\n        <header class=\"page-heading text-center style2\">\r\n            <div class=\"heading\">                            <h2 class=\"text-capitalize font-medium lime\">Horaires d\u2019Ouverture<\/h2>\r\n                            <\/div>        <\/header>\r\n    <\/div>\r\n    [vc_row_inner][vc_column_inner width=\u00a0\u00bb1\/3&Prime;][vc_column_text]<\/p>\n<p style=\"text-align: center; font-size: 18px;\"><span style=\"color: #000000;\"><strong>Du lundi au jeudi<\/strong><\/span><\/p>\n<p style=\"text-align: center; font-size: 18px;\">8.00-12.00 \/ 14.00-18.00<\/p>\n<p>[\/vc_column_text][\/vc_column_inner][vc_column_inner width=\u00a0\u00bb1\/3&Prime;][vc_column_text]<\/p>\n<p style=\"text-align: center; font-size: 18px;\"><span style=\"color: #000000;\"><strong>Vendredi<\/strong><\/span><\/p>\n<p style=\"text-align: center; font-size: 18px;\">8.00-12.00 \/14.00-17.00<\/p>\n<p>[\/vc_column_text][\/vc_column_inner][vc_column_inner width=\u00a0\u00bb1\/3&Prime;][vc_column_text]<\/p>\n<p style=\"text-align: center; font-size: 18px;\"><span style=\"color: #000000;\"><strong>Samedi et dimanche<\/strong><\/span><\/p>\n<p style=\"text-align: center; font-size: 18px;\">Ferm\u00e9<\/p>\n<p>[\/vc_column_text][\/vc_column_inner][\/vc_row_inner][vc_row_inner][vc_column_inner][vc_column_text]<\/p>\n<p style=\"text-align: center; font-size: 18px;\"><strong>Rendez-vous par t\u00e9l\u00e9phone +41 (0) 91 743 11 21<\/strong><\/p>\n<p>[\/vc_column_text][\/vc_column_inner][\/vc_row_inner][\/vc_column][\/vc_row][vc_row full_width=\u00a0\u00bbstretch_row\u00a0\u00bb css=\u00a0\u00bb.vc_custom_1538386682437{margin-bottom: 150px !important;}\u00a0\u00bb][vc_column width=\u00a0\u00bb2\/6&Prime;][vc_column_text]<\/p>\n<h2>Contacts<\/h2>\n<p>[\/vc_column_text]    <div class=\"fekra-icon-advanced\">\r\n                    <div class=\"f-iconbox type1 fekra-icon-align-left fekra-icon-type-rounded\">\r\n                <span class=\"icon d_block fekra-icon-size-xs\">\r\n                    <i class=\"fa fa-map-marker\"><\/i>                <\/span>\r\n                <h3 class=\"title\">Adresse<\/h3>\r\n                <div><p>Zanini Ortopedia SA<br \/>\nVia S. Gottardo 24, 6600 Muralto<\/p>\n<\/div>\r\n                            <\/div>\r\n                <\/div>\r\n    [vc_empty_space]    <div class=\"fekra-icon-advanced\">\r\n                    <div class=\"f-iconbox type1 fekra-icon-align-left fekra-icon-type-rounded\">\r\n                <span class=\"icon d_block fekra-icon-size-xs\">\r\n                    <i class=\"fa fa-phone\"><\/i>                <\/span>\r\n                <h3 class=\"title\">T\u00e9l\u00e9phone<\/h3>\r\n                <div><p>+41 (0) 91 743 11 21<\/p>\n<\/div>\r\n                            <\/div>\r\n                <\/div>\r\n    [vc_empty_space]    <div class=\"fekra-icon-advanced\">\r\n                    <div class=\"f-iconbox type1 fekra-icon-align-left fekra-icon-type-rounded\">\r\n                <span class=\"icon d_block fekra-icon-size-xs\">\r\n                    <i class=\"fa fa-fax\"><\/i>                <\/span>\r\n                <h3 class=\"title\">Fax<\/h3>\r\n                <div><p>+41 (0) 91 743 86 87<\/p>\n<\/div>\r\n                            <\/div>\r\n                <\/div>\r\n    [vc_empty_space]    <div class=\"fekra-icon-advanced\">\r\n                    <div class=\"f-iconbox type1 fekra-icon-align-left fekra-icon-type-rounded\">\r\n                <span class=\"icon d_block fekra-icon-size-xs\">\r\n                    <i class=\"fa fa-envelope\"><\/i>                <\/span>\r\n                <h3 class=\"title\">Email<\/h3>\r\n                <div><p><a style=\"color: #000; text-decoration: none;\" href=\"mailto:info@zanini-ortopedia.ch\">info@zanini-ortopedia.ch<\/a><\/p>\n<\/div>\r\n                            <\/div>\r\n                <\/div>\r\n    [\/vc_column][vc_column width=\u00a0\u00bb4\/6&Prime;][vc_gmaps link=\u00a0\u00bb#E-8_JTNDaWZyYW1lJTIwc3JjJTNEJTIyaHR0cHMlM0ElMkYlMkZ3d3cuZ29vZ2xlLmNvbSUyRm1hcHMlMkZlbWJlZCUzRnBiJTNEJTIxMW0xNCUyMTFtOCUyMTFtMyUyMTFkMTEwNTEuMjU1NzMyNzgzNzgyJTIxMmQ4LjgwNjc5NDMlMjEzZDQ2LjE3NDM1OTUlMjEzbTIlMjExaTEwMjQlMjEyaTc2OCUyMTRmMTMuMSUyMTNtMyUyMTFtMiUyMTFzMHgwJTI1M0EweDk4ZDQ2MDg2N2MzYWFkYTglMjEyc1phbmluaSUyQk9ydG9wZWRpYSUyQlNBJTIxNWUwJTIxM20yJTIxMXNpdCUyMTJzY2glMjE0djE1MzgxMzY1NTAwMzklMjIlMjB3aWR0aCUzRCUyMjgwMCUyMiUyMGhlaWdodCUzRCUyMjYwMCUyMiUyMGZyYW1lYm9yZGVyJTNEJTIyMCUyMiUyMHN0eWxlJTNEJTIyYm9yZGVyJTNBMCUyMiUyMGFsbG93ZnVsbHNjcmVlbiUzRSUzQyUyRmlmcmFtZSUzRQ==\u00a0\u00bb size=\u00a0\u00bb500&Prime;][\/vc_column][\/vc_row]<\/p>\n<\/section>","protected":false},"excerpt":{"rendered":"<p>[vc_row full_width=\u00a0\u00bbstretch_row\u00a0\u00bb el_class=\u00a0\u00bbabout-section padding-top-60&Prime; css=\u00a0\u00bb.vc_custom_1747236243086{margin-top: 140px !important;}\u00a0\u00bb][vc_column width=\u00a0\u00bb1\/2&Prime;][vc_column_text] Un parking pour clients est disponible \u00e0 droite du b\u00e2timent. Si il est occup\u00e9, vous pouvez trouver des parkings publics (avec disque max. 2Hrs.) \u00e0 proximit\u00e9: arrivant de Minusio \u00e0 environ 100 m avant \u00e0 gauche sur Via San Gottardo\u00a0; arrivant de Locarno \u00e0 c\u00f4t\u00e9 du cimeti\u00e8re.\u00a0&#8230;<\/p>\n","protected":false},"author":1,"featured_media":0,"parent":0,"menu_order":0,"comment_status":"closed","ping_status":"closed","template":"","meta":{"footnotes":""},"_links":{"self":[{"href":"https:\/\/zanini-ortopedia.ch\/fr\/wp-json\/wp\/v2\/pages\/1073"}],"collection":[{"href":"https:\/\/zanini-ortopedia.ch\/fr\/wp-json\/wp\/v2\/pages"}],"about":[{"href":"https:\/\/zanini-ortopedia.ch\/fr\/wp-json\/wp\/v2\/types\/page"}],"author":[{"embeddable":true,"href":"https:\/\/zanini-ortopedia.ch\/fr\/wp-json\/wp\/v2\/users\/1"}],"replies":[{"embeddable":true,"href":"https:\/\/zanini-ortopedia.ch\/fr\/wp-json\/wp\/v2\/comments?post=1073"}],"version-history":[{"count":23,"href":"https:\/\/zanini-ortopedia.ch\/fr\/wp-json\/wp\/v2\/pages\/1073\/revisions"}],"predecessor-version":[{"id":2242,"href":"https:\/\/zanini-ortopedia.ch\/fr\/wp-json\/wp\/v2\/pages\/1073\/revisions\/2242"}],"wp:attachment":[{"href":"https:\/\/zanini-ortopedia.ch\/fr\/wp-json\/wp\/v2\/media?parent=1073"}],"curies":[{"name":"wp","href":"https:\/\/api.w.org\/{rel}","templated":true}]}}