{"id":1124,"date":"2018-10-03T14:24:36","date_gmt":"2018-10-03T12:24:36","guid":{"rendered":"http:\/\/zanini-ortopedia.ch\/reparations\/"},"modified":"2018-11-08T16:46:07","modified_gmt":"2018-11-08T14:46:07","slug":"reparations","status":"publish","type":"page","link":"https:\/\/zanini-ortopedia.ch\/fr\/reparations\/","title":{"rendered":"R\u00e9parations"},"content":{"rendered":"<section class=\"wpb-content-wrapper\"><p>[vc_row full_width=\u00a0\u00bbstretch_row_content_no_spaces\u00a0\u00bb][vc_column]\n\t\t\t<!-- START Riparazione FR REVOLUTION SLIDER 6.6.16 --><p class=\"rs-p-wp-fix\"><\/p>\n\t\t\t<rs-module-wrap id=\"rev_slider_25_1_wrapper\" data-source=\"gallery\" style=\"visibility:hidden;background:transparent;padding:0;margin:0px auto;margin-top:0;margin-bottom:0;\">\n\t\t\t\t<rs-module id=\"rev_slider_25_1\" style=\"\" data-version=\"6.6.16\">\n\t\t\t\t\t<rs-slides style=\"overflow: hidden; position: absolute;\">\n\t\t\t\t\t\t<rs-slide style=\"position: absolute;\" data-key=\"rs-29\" data-title=\"Slide\" data-anim=\"adpr:false;\">\n\t\t\t\t\t\t\t<img src=\"\/\/zanini-ortopedia.ch\/wp-content\/plugins\/revslider\/public\/assets\/assets\/dummy.png\" alt=\"\" title=\"R\u00e9parations\" class=\"rev-slidebg tp-rs-img rs-lazyload\" data-lazyload=\"\/\/zanini-ortopedia.ch\/wp-content\/uploads\/2018\/10\/slide-riparazione-2.jpg\" data-no-retina>\n<!--\n\t\t\t\t\t\t\t--><rs-layer\n\t\t\t\t\t\t\t\tid=\"slider-25-slide-29-layer-1\" \n\t\t\t\t\t\t\t\tclass=\"large_text\"\n\t\t\t\t\t\t\t\tdata-type=\"text\"\n\t\t\t\t\t\t\t\tdata-color=\"#fff\"\n\t\t\t\t\t\t\t\tdata-rsp_ch=\"on\"\n\t\t\t\t\t\t\t\tdata-xy=\"x:c;y:c;yo:-60px;\"\n\t\t\t\t\t\t\t\tdata-text=\"s:80;l:40;a:inherit;\"\n\t\t\t\t\t\t\t\tdata-frame_0=\"sX:0.8;sY:0.8;tp:600;\"\n\t\t\t\t\t\t\t\tdata-frame_1=\"tp:600;e:power4.out;st:0;sp:1500;\"\n\t\t\t\t\t\t\t\tdata-frame_999=\"o:0;tp:600;st:w;sR:7500;\"\n\t\t\t\t\t\t\t\tstyle=\"z-index:5;font-family:'Open Sans';position:absolute;text-shadow:0px 2px 5px rgba(0, 0, 0, 0.5);white-space:nowrap;\"\n\t\t\t\t\t\t\t>Zanini Ortopedia \n\t\t\t\t\t\t\t<\/rs-layer><!--\n\n\t\t\t\t\t\t\t--><rs-layer\n\t\t\t\t\t\t\t\tid=\"slider-25-slide-29-layer-2\" \n\t\t\t\t\t\t\t\tclass=\"large_text\"\n\t\t\t\t\t\t\t\tdata-type=\"text\"\n\t\t\t\t\t\t\t\tdata-color=\"#fff\"\n\t\t\t\t\t\t\t\tdata-rsp_ch=\"on\"\n\t\t\t\t\t\t\t\tdata-xy=\"x:c;y:299px;\"\n\t\t\t\t\t\t\t\tdata-text=\"s:40;l:40;ls:0px;a:center;\"\n\t\t\t\t\t\t\t\tdata-frame_0=\"sX:0.8;sY:0.8;tp:600;\"\n\t\t\t\t\t\t\t\tdata-frame_1=\"tp:600;e:power4.out;st:0;sp:1500;\"\n\t\t\t\t\t\t\t\tdata-frame_999=\"o:0;tp:600;st:w;sR:7500;\"\n\t\t\t\t\t\t\t\tstyle=\"z-index:6;font-family:'Open Sans';text-transform:uppercase;position:absolute;text-shadow:0px 2px 5px rgba(0, 0, 0, 0.5);white-space:nowrap;\"\n\t\t\t\t\t\t\t>R\u00e9parations \n\t\t\t\t\t\t\t<\/rs-layer><!--\n\n\t\t\t\t\t\t\t--><rs-layer\n\t\t\t\t\t\t\t\tid=\"slider-25-slide-29-layer-3\" \n\t\t\t\t\t\t\t\tclass=\"tp-shape tp-shapewrapper\"\n\t\t\t\t\t\t\t\tdata-type=\"shape\"\n\t\t\t\t\t\t\t\tdata-rsp_ch=\"on\"\n\t\t\t\t\t\t\t\tdata-xy=\"x:c;y:c;\"\n\t\t\t\t\t\t\t\tdata-text=\"a:inherit;\"\n\t\t\t\t\t\t\t\tdata-dim=\"w:200px;h:5px;\"\n\t\t\t\t\t\t\t\tdata-frame_0=\"y:-100%;o:1;tp:600;\"\n\t\t\t\t\t\t\t\tdata-frame_0_mask=\"u:t;\"\n\t\t\t\t\t\t\t\tdata-frame_1=\"tp:600;st:0;sp:1500;\"\n\t\t\t\t\t\t\t\tdata-frame_1_mask=\"u:t;\"\n\t\t\t\t\t\t\t\tdata-frame_999=\"o:0;tp:600;st:w;sR:7500;\"\n\t\t\t\t\t\t\t\tstyle=\"z-index:7;background-color:#d84847;\"\n\t\t\t\t\t\t\t> \n\t\t\t\t\t\t\t<\/rs-layer><!--\n-->\t\t\t\t\t\t<\/rs-slide>\n\t\t\t\t\t<\/rs-slides>\n\t\t\t\t<\/rs-module>\n\t\t\t\t<script>\n\t\t\t\t\tsetREVStartSize({c: 'rev_slider_25_1',rl:[1240,1024,778,480],el:[],gw:[1240],gh:[550],type:'hero',justify:'',layout:'fullwidth',mh:\"0\"});if (window.RS_MODULES!==undefined && window.RS_MODULES.modules!==undefined && window.RS_MODULES.modules[\"revslider251\"]!==undefined) {window.RS_MODULES.modules[\"revslider251\"].once = false;window.revapi25 = undefined;if (window.RS_MODULES.checkMinimal!==undefined) window.RS_MODULES.checkMinimal()}\n\t\t\t\t<\/script>\n\t\t\t<\/rs-module-wrap>\n\t\t\t<!-- END REVOLUTION SLIDER -->\n[\/vc_column][\/vc_row][vc_row css=\u00a0\u00bb.vc_custom_1538138014477{margin-top: 100px !important;}\u00a0\u00bb][vc_column]    <div class=\"fekra-heading-style\">\r\n        <header class=\"page-heading text-center small\">\r\n                                        <h1 class=\"heading lime text-capitalize font-medium\">R\u00e9parations<\/h1>\r\n                                    <\/header>\r\n    <\/div>\r\n    [\/vc_column][\/vc_row][vc_row css=\u00a0\u00bb.vc_custom_1538140154163{margin-bottom: 150px !important;}\u00a0\u00bb][vc_column width=\u00a0\u00bb2\/6&Prime;][vc_single_image image=\u00a0\u00bb1328&Prime; img_size=\u00a0\u00bbfull\u00a0\u00bb][\/vc_column][vc_column width=\u00a0\u00bb4\/6&Prime;][vc_column_text]Nous r\u00e9parons vos chaussures de tous les jours ainsi que les petites r\u00e9parations sur des ceintures, de sacs, \u2026<\/p>\n<p>Semelles us\u00e9es, cha\u00eene d\u00e9chir\u00e9e, fermeture \u00e9clair cass\u00e9e, talon \u00e9mouss\u00e9\u00a0? Ce ne sont que quelques-unes des r\u00e9parations possibles.<span class=\"Apple-converted-space\">\u00a0<\/span><\/p>\n<p>Si vous ne savez pas si cela vaut la peine de r\u00e9parer vos chaussures, n\u2019h\u00e9sitez pas \u00e0 nous demander conseil\u00a0![\/vc_column_text][\/vc_column][\/vc_row]<\/p>\n<\/section>","protected":false},"excerpt":{"rendered":"<p>[vc_row full_width=\u00a0\u00bbstretch_row_content_no_spaces\u00a0\u00bb][vc_column][\/vc_column][\/vc_row][vc_row css=\u00a0\u00bb.vc_custom_1538138014477{margin-top: 100px !important;}\u00a0\u00bb][vc_column][\/vc_column][\/vc_row][vc_row css=\u00a0\u00bb.vc_custom_1538140154163{margin-bottom: 150px !important;}\u00a0\u00bb][vc_column width=\u00a0\u00bb2\/6&Prime;][vc_single_image image=\u00a0\u00bb1328&Prime; img_size=\u00a0\u00bbfull\u00a0\u00bb][\/vc_column][vc_column width=\u00a0\u00bb4\/6&Prime;][vc_column_text]Nous r\u00e9parons vos chaussures de tous les jours ainsi que les petites r\u00e9parations sur des ceintures, de sacs, \u2026 Semelles us\u00e9es, cha\u00eene d\u00e9chir\u00e9e, fermeture \u00e9clair cass\u00e9e, talon \u00e9mouss\u00e9\u00a0? Ce ne sont que quelques-unes des r\u00e9parations possibles.\u00a0 Si vous ne savez pas si cela vaut&#8230;<\/p>\n","protected":false},"author":1,"featured_media":0,"parent":0,"menu_order":0,"comment_status":"closed","ping_status":"closed","template":"","meta":{"footnotes":""},"_links":{"self":[{"href":"https:\/\/zanini-ortopedia.ch\/fr\/wp-json\/wp\/v2\/pages\/1124"}],"collection":[{"href":"https:\/\/zanini-ortopedia.ch\/fr\/wp-json\/wp\/v2\/pages"}],"about":[{"href":"https:\/\/zanini-ortopedia.ch\/fr\/wp-json\/wp\/v2\/types\/page"}],"author":[{"embeddable":true,"href":"https:\/\/zanini-ortopedia.ch\/fr\/wp-json\/wp\/v2\/users\/1"}],"replies":[{"embeddable":true,"href":"https:\/\/zanini-ortopedia.ch\/fr\/wp-json\/wp\/v2\/comments?post=1124"}],"version-history":[{"count":7,"href":"https:\/\/zanini-ortopedia.ch\/fr\/wp-json\/wp\/v2\/pages\/1124\/revisions"}],"predecessor-version":[{"id":1683,"href":"https:\/\/zanini-ortopedia.ch\/fr\/wp-json\/wp\/v2\/pages\/1124\/revisions\/1683"}],"wp:attachment":[{"href":"https:\/\/zanini-ortopedia.ch\/fr\/wp-json\/wp\/v2\/media?parent=1124"}],"curies":[{"name":"wp","href":"https:\/\/api.w.org\/{rel}","templated":true}]}}