{"id":1127,"date":"2018-10-03T14:32:28","date_gmt":"2018-10-03T12:32:28","guid":{"rendered":"http:\/\/zanini-ortopedia.ch\/produits-de-sante\/"},"modified":"2018-11-13T15:07:05","modified_gmt":"2018-11-13T13:07:05","slug":"produits-de-sante","status":"publish","type":"page","link":"https:\/\/zanini-ortopedia.ch\/fr\/produits-de-sante\/","title":{"rendered":"Produits de Sant\u00e9"},"content":{"rendered":"<section class=\"wpb-content-wrapper\"><p>[vc_row full_width=\u00a0\u00bbstretch_row_content_no_spaces\u00a0\u00bb][vc_column]\n\t\t\t<!-- START Prodotti Sanitari FR REVOLUTION SLIDER 6.6.16 --><p class=\"rs-p-wp-fix\"><\/p>\n\t\t\t<rs-module-wrap id=\"rev_slider_29_1_wrapper\" data-source=\"gallery\" style=\"visibility:hidden;background:transparent;padding:0;margin:0px auto;margin-top:0;margin-bottom:0;\">\n\t\t\t\t<rs-module id=\"rev_slider_29_1\" style=\"\" data-version=\"6.6.16\">\n\t\t\t\t\t<rs-slides style=\"overflow: hidden; position: absolute;\">\n\t\t\t\t\t\t<rs-slide style=\"position: absolute;\" data-key=\"rs-33\" data-title=\"Slide\" data-anim=\"adpr:false;\">\n\t\t\t\t\t\t\t<img src=\"\/\/zanini-ortopedia.ch\/wp-content\/plugins\/revslider\/public\/assets\/assets\/dummy.png\" alt=\"\" title=\"Produits de Sant\u00e9\" class=\"rev-slidebg tp-rs-img rs-lazyload\" data-lazyload=\"\/\/zanini-ortopedia.ch\/wp-content\/uploads\/2018\/10\/slide-prodotti-sanitari-2.jpg\" data-no-retina>\n<!--\n\t\t\t\t\t\t\t--><rs-layer\n\t\t\t\t\t\t\t\tid=\"myid\" \n\t\t\t\t\t\t\t\tclass=\"myclass large_text\"\n\t\t\t\t\t\t\t\tdata-type=\"text\"\n\t\t\t\t\t\t\t\tdata-color=\"#fff\"\n\t\t\t\t\t\t\t\tdata-rsp_ch=\"on\"\n\t\t\t\t\t\t\t\tdata-xy=\"x:c;y:c;yo:-60px;\"\n\t\t\t\t\t\t\t\tdata-text=\"s:80;l:40;a:inherit;\"\n\t\t\t\t\t\t\t\tdata-frame_0=\"sX:0.8;sY:0.8;tp:600;\"\n\t\t\t\t\t\t\t\tdata-frame_1=\"tp:600;e:power4.out;st:0;sp:1500;\"\n\t\t\t\t\t\t\t\tdata-frame_999=\"o:0;tp:600;st:w;sR:7500;\"\n\t\t\t\t\t\t\t\tstyle=\"z-index:5;font-family:'Open Sans';position:absolute;text-shadow:0px 2px 5px rgba(0, 0, 0, 0.5);white-space:nowrap;\"\n\t\t\t\t\t\t\t>Zanini Ortopedia \n\t\t\t\t\t\t\t<\/rs-layer><!--\n\n\t\t\t\t\t\t\t--><rs-layer\n\t\t\t\t\t\t\t\tid=\"myid\" \n\t\t\t\t\t\t\t\tclass=\"myclass2 large_text\"\n\t\t\t\t\t\t\t\tdata-type=\"text\"\n\t\t\t\t\t\t\t\tdata-color=\"#fff\"\n\t\t\t\t\t\t\t\tdata-rsp_ch=\"on\"\n\t\t\t\t\t\t\t\tdata-xy=\"x:c;y:300px;\"\n\t\t\t\t\t\t\t\tdata-text=\"s:40;l:40;ls:0px;a:center;\"\n\t\t\t\t\t\t\t\tdata-frame_0=\"sX:0.8;sY:0.8;tp:600;\"\n\t\t\t\t\t\t\t\tdata-frame_1=\"tp:600;e:power4.out;st:0;sp:1500;\"\n\t\t\t\t\t\t\t\tdata-frame_999=\"o:0;tp:600;st:w;sR:7500;\"\n\t\t\t\t\t\t\t\tstyle=\"z-index:6;font-family:'Open Sans';text-transform:uppercase;position:absolute;text-shadow:0px 2px 5px rgba(0, 0, 0, 0.5);white-space:nowrap;\"\n\t\t\t\t\t\t\t>Produits De Sant\u00e9 \n\t\t\t\t\t\t\t<\/rs-layer><!--\n\n\t\t\t\t\t\t\t--><rs-layer\n\t\t\t\t\t\t\t\tid=\"slider-29-slide-33-layer-3\" \n\t\t\t\t\t\t\t\tclass=\"tp-shape tp-shapewrapper\"\n\t\t\t\t\t\t\t\tdata-type=\"shape\"\n\t\t\t\t\t\t\t\tdata-rsp_ch=\"on\"\n\t\t\t\t\t\t\t\tdata-xy=\"x:c;y:c;\"\n\t\t\t\t\t\t\t\tdata-text=\"a:inherit;\"\n\t\t\t\t\t\t\t\tdata-dim=\"w:200px;h:5px;\"\n\t\t\t\t\t\t\t\tdata-frame_0=\"y:-100%;o:1;tp:600;\"\n\t\t\t\t\t\t\t\tdata-frame_0_mask=\"u:t;\"\n\t\t\t\t\t\t\t\tdata-frame_1=\"tp:600;st:0;sp:1500;\"\n\t\t\t\t\t\t\t\tdata-frame_1_mask=\"u:t;\"\n\t\t\t\t\t\t\t\tdata-frame_999=\"o:0;tp:600;st:w;sR:7500;\"\n\t\t\t\t\t\t\t\tstyle=\"z-index:7;background-color:#d84847;\"\n\t\t\t\t\t\t\t> \n\t\t\t\t\t\t\t<\/rs-layer><!--\n-->\t\t\t\t\t\t<\/rs-slide>\n\t\t\t\t\t<\/rs-slides>\n\t\t\t\t<\/rs-module>\n\t\t\t\t<script>\n\t\t\t\t\tsetREVStartSize({c: 'rev_slider_29_1',rl:[1240,1024,778,480],el:[],gw:[1240],gh:[550],type:'hero',justify:'',layout:'fullwidth',mh:\"0\"});if (window.RS_MODULES!==undefined && window.RS_MODULES.modules!==undefined && window.RS_MODULES.modules[\"revslider291\"]!==undefined) {window.RS_MODULES.modules[\"revslider291\"].once = false;window.revapi29 = undefined;if (window.RS_MODULES.checkMinimal!==undefined) window.RS_MODULES.checkMinimal()}\n\t\t\t\t<\/script>\n\t\t\t<\/rs-module-wrap>\n\t\t\t<!-- END REVOLUTION SLIDER -->\n[\/vc_column][\/vc_row][vc_row css=\u00a0\u00bb.vc_custom_1538138014477{margin-top: 100px !important;}\u00a0\u00bb][vc_column]    <div class=\"fekra-heading-style\">\r\n        <header class=\"page-heading text-center small\">\r\n                                        <h1 class=\"heading lime text-capitalize font-medium\">Produits de Sant\u00e9<\/h1>\r\n                                    <\/header>\r\n    <\/div>\r\n    [\/vc_column][\/vc_row][vc_row css=\u00a0\u00bb.vc_custom_1538140154163{margin-bottom: 150px !important;}\u00a0\u00bb][vc_column width=\u00a0\u00bb2\/6&Prime;][vc_single_image image=\u00a0\u00bb1654&Prime; img_size=\u00a0\u00bbfull\u00a0\u00bb][vc_single_image image=\u00a0\u00bb1772&Prime; img_size=\u00a0\u00bbfull\u00a0\u00bb][\/vc_column][vc_column width=\u00a0\u00bb4\/6&Prime;][vc_column_text css=\u00a0\u00bb.vc_custom_1538468651267{margin-top: -20px !important;}\u00a0\u00bb]<\/p>\n<h3>BANDAGES ET ATTELLES<\/h3>\n<p>Nous vous offrons une large gamme de bandages diff\u00e9rents pour les pieds, mains et les genoux\u00a0; ainsi que des attelles stabilisatrices. Nous mesurons la bonne taille et ensemble nous vous aidons \u00e0 choisir le produit id\u00e9al.<span class=\"Apple-converted-space\">\u00a0<\/span><\/p>\n<h3>CHAUSSETTES<\/h3>\n<p>De nous, il est possible d\u2019obtenir des bas de compression sur mesure ou pr\u00e9-emball\u00e9s; ainsi que divers types de chaussettes diab\u00e9tiques.<span class=\"Apple-converted-space\">\u00a0<\/span><\/p>\n<p>Pour les bas compressives sur mesure, nous vous conseillons individuellement et la prise de mesures est recommand\u00e9e le matin.<span class=\"Apple-converted-space\">\u00a0<\/span><\/p>\n<h3>B\u00c2TONS<\/h3>\n<p>Le classique en bois ou les nouveaut\u00e9s en fibre de carbone? Pliant? Caoutchouc us\u00e9? \u2026 aussi les b\u00e2tons \u00e9voluent et de nous vous pouvez choisir celui qui vous convient.<span class=\"Apple-converted-space\">\u00a0<\/span><\/p>\n<p>Nous offrons \u00e9galement un service de location de b\u00e9quilles et nous rempla\u00e7ons vos caoutchoucs us\u00e9s.<span class=\"Apple-converted-space\">\u00a0<\/span><\/p>\n<h3>PRODUITS DE VENTE<\/h3>\n<p>Paliers pour doigts \u00e0 marteaux, entretoises pour les doigts, talonnettes doux ou en gel, cr\u00e8mes pour les pieds, chaussures de d\u00e9charge post-op\u00e9ratoire, avec semelle rigide, pour hallux valgus ou rupture du tendon d\u2019Achille; chaussures pour diab\u00e9tiques ou pour bandages et d\u2019autres produits, vous pouvez les trouver chez nous. Nous le recommanderons volontiers.<span class=\"Apple-converted-space\">\u00a0<\/span>[\/vc_column_text][\/vc_column][\/vc_row]<\/p>\n<\/section>","protected":false},"excerpt":{"rendered":"<p>[vc_row full_width=\u00a0\u00bbstretch_row_content_no_spaces\u00a0\u00bb][vc_column][\/vc_column][\/vc_row][vc_row css=\u00a0\u00bb.vc_custom_1538138014477{margin-top: 100px !important;}\u00a0\u00bb][vc_column][\/vc_column][\/vc_row][vc_row css=\u00a0\u00bb.vc_custom_1538140154163{margin-bottom: 150px !important;}\u00a0\u00bb][vc_column width=\u00a0\u00bb2\/6&Prime;][vc_single_image image=\u00a0\u00bb1654&Prime; img_size=\u00a0\u00bbfull\u00a0\u00bb][vc_single_image image=\u00a0\u00bb1772&Prime; img_size=\u00a0\u00bbfull\u00a0\u00bb][\/vc_column][vc_column width=\u00a0\u00bb4\/6&Prime;][vc_column_text css=\u00a0\u00bb.vc_custom_1538468651267{margin-top: -20px !important;}\u00a0\u00bb] BANDAGES ET ATTELLES Nous vous offrons une large gamme de bandages diff\u00e9rents pour les pieds, mains et les genoux\u00a0; ainsi que des attelles stabilisatrices. Nous mesurons la bonne taille et ensemble nous vous aidons \u00e0 choisir le produit&#8230;<\/p>\n","protected":false},"author":1,"featured_media":0,"parent":0,"menu_order":0,"comment_status":"closed","ping_status":"closed","template":"","meta":{"footnotes":""},"_links":{"self":[{"href":"https:\/\/zanini-ortopedia.ch\/fr\/wp-json\/wp\/v2\/pages\/1127"}],"collection":[{"href":"https:\/\/zanini-ortopedia.ch\/fr\/wp-json\/wp\/v2\/pages"}],"about":[{"href":"https:\/\/zanini-ortopedia.ch\/fr\/wp-json\/wp\/v2\/types\/page"}],"author":[{"embeddable":true,"href":"https:\/\/zanini-ortopedia.ch\/fr\/wp-json\/wp\/v2\/users\/1"}],"replies":[{"embeddable":true,"href":"https:\/\/zanini-ortopedia.ch\/fr\/wp-json\/wp\/v2\/comments?post=1127"}],"version-history":[{"count":7,"href":"https:\/\/zanini-ortopedia.ch\/fr\/wp-json\/wp\/v2\/pages\/1127\/revisions"}],"predecessor-version":[{"id":1775,"href":"https:\/\/zanini-ortopedia.ch\/fr\/wp-json\/wp\/v2\/pages\/1127\/revisions\/1775"}],"wp:attachment":[{"href":"https:\/\/zanini-ortopedia.ch\/fr\/wp-json\/wp\/v2\/media?parent=1127"}],"curies":[{"name":"wp","href":"https:\/\/api.w.org\/{rel}","templated":true}]}}