{"id":1468,"date":"2018-10-29T16:59:09","date_gmt":"2018-10-29T14:59:09","guid":{"rendered":"http:\/\/zanini-ortopedia.ch\/services\/"},"modified":"2025-05-14T17:59:44","modified_gmt":"2025-05-14T15:59:44","slug":"services","status":"publish","type":"page","link":"https:\/\/zanini-ortopedia.ch\/fr\/services\/","title":{"rendered":"Services"},"content":{"rendered":"<section class=\"wpb-content-wrapper\"><p>[vc_row][vc_column][rev_slider_vc alias=\u00a0\u00bbservizi-fr\u00a0\u00bb][\/vc_column][\/vc_row][vc_row css=\u00a0\u00bb.vc_custom_1540821397214{margin-top: 100px !important;}\u00a0\u00bb][vc_column]    <div class=\"fekra-heading-style\">\r\n        <header class=\"page-heading text-center small\">\r\n                                        <h1 class=\"heading margin-bottom-10 padding-bottom-10 lime text-capitalize font-medium\">Nos Services<\/h1>\r\n                            <p>Nous sommes \u00e0 votre disposition pour vous aider quel que soit votre d\u00e9sir, probl\u00e8me ou votre question. Laissez-nous vous conseiller professionnellement, ensemble nous trouverons la solution id\u00e9ale.<\/p>\n        <\/header>\r\n    <\/div>\r\n    [\/vc_column][\/vc_row][vc_row css=\u00a0\u00bb.vc_custom_1540821386875{margin-top: 50px !important;margin-bottom: 100px !important;}\u00a0\u00bb][vc_column width=\u00a0\u00bb1\/2&Prime;][vc_row_inner content_placement=\u00a0\u00bbmiddle\u00a0\u00bb css=\u00a0\u00bb.vc_custom_1747237964996{margin-bottom: 30px !important;}\u00a0\u00bb][vc_column_inner width=\u00a0\u00bb1\/4&Prime; el_id=\u00a0\u00bbservizi-immagine-primo\u00a0\u00bb][vc_single_image image=\u00a0\u00bb1054&Prime; img_size=\u00a0\u00bbfull\u00a0\u00bb alignment=\u00a0\u00bbcenter\u00a0\u00bb][\/vc_column_inner][vc_column_inner width=\u00a0\u00bb3\/4&Prime; el_id=\u00a0\u00bbservizi-testo-primo\u00a0\u00bb][vc_column_text]<\/p>\n<h3>Semelles<\/h3>\n<p>Ils d\u00e9chargent les point douloureux dans les pieds, corrigent la statique et soulagent tensions.[\/vc_column_text][vc_btn title=\u00a0\u00bbEn savoir plus\u00a0\u00bb style=\u00a0\u00bboutline-custom\u00a0\u00bb outline_custom_color=\u00a0\u00bb#d84646&Prime; outline_custom_hover_background=\u00a0\u00bb#d84646&Prime; outline_custom_hover_text=\u00a0\u00bb#ffffff\u00a0\u00bb link=\u00a0\u00bburl:https%3A%2F%2Fzanini-ortopedia.ch%2Ffr%2Fsemelle-orthopediques%2F|title:Semelle%20Orthop%C3%A9diques\u00a0\u00bb][\/vc_column_inner][\/vc_row_inner][vc_row_inner content_placement=\u00a0\u00bbmiddle\u00a0\u00bb css=\u00a0\u00bb.vc_custom_1747237973387{margin-bottom: 30px !important;}\u00a0\u00bb][vc_column_inner width=\u00a0\u00bb1\/4&Prime; el_id=\u00a0\u00bbservizi-immagine\u00a0\u00bb][vc_single_image image=\u00a0\u00bb1645&Prime; img_size=\u00a0\u00bbfull\u00a0\u00bb alignment=\u00a0\u00bbcenter\u00a0\u00bb][\/vc_column_inner][vc_column_inner width=\u00a0\u00bb3\/4&Prime; el_id=\u00a0\u00bbservizi-testo\u00a0\u00bb][vc_column_text]<\/p>\n<h3>Chaussures Orthop\u00e9diques<\/h3>\n<p>Chaussures sur mesure r\u00e9alis\u00e9es sur la forme de votre pied.[\/vc_column_text][vc_btn title=\u00a0\u00bbEn savoir plus\u00a0\u00bb style=\u00a0\u00bboutline-custom\u00a0\u00bb outline_custom_color=\u00a0\u00bb#d84646&Prime; outline_custom_hover_background=\u00a0\u00bb#d84646&Prime; outline_custom_hover_text=\u00a0\u00bb#ffffff\u00a0\u00bb link=\u00a0\u00bburl:https%3A%2F%2Fzanini-ortopedia.ch%2Ffr%2Fchaussures-orthopediques-sur-mesure%2F|title:Semelle%20Orthop%C3%A9diques\u00a0\u00bb][\/vc_column_inner][\/vc_row_inner][vc_row_inner content_placement=\u00a0\u00bbmiddle\u00a0\u00bb css=\u00a0\u00bb.vc_custom_1747237979744{margin-bottom: 30px !important;}\u00a0\u00bb][vc_column_inner width=\u00a0\u00bb1\/4&Prime; el_id=\u00a0\u00bbservizi-immagine\u00a0\u00bb][vc_single_image image=\u00a0\u00bb1034&Prime; img_size=\u00a0\u00bbfull\u00a0\u00bb alignment=\u00a0\u00bbright\u00a0\u00bb][\/vc_column_inner][vc_column_inner width=\u00a0\u00bb3\/4&Prime; el_id=\u00a0\u00bbservizi-testo\u00a0\u00bb][vc_column_text]<\/p>\n<h3>Chaussures standard<\/h3>\n<p>Chaussures orthop\u00e9diques standard adapt\u00e9 avec des semelles int\u00e9gr\u00e9es.[\/vc_column_text][vc_btn title=\u00a0\u00bbEn savoir plus\u00a0\u00bb style=\u00a0\u00bboutline-custom\u00a0\u00bb outline_custom_color=\u00a0\u00bb#d84646&Prime; outline_custom_hover_background=\u00a0\u00bb#d84646&Prime; outline_custom_hover_text=\u00a0\u00bb#ffffff\u00a0\u00bb link=\u00a0\u00bburl:https%3A%2F%2Fzanini-ortopedia.ch%2Ffr%2Fchaussures-standard%2F|title:Semelle%20Orthop%C3%A9diques\u00a0\u00bb][\/vc_column_inner][\/vc_row_inner][vc_row_inner content_placement=\u00a0\u00bbmiddle\u00a0\u00bb css=\u00a0\u00bb.vc_custom_1747237986438{margin-bottom: 30px !important;}\u00a0\u00bb][vc_column_inner width=\u00a0\u00bb1\/4&Prime; el_id=\u00a0\u00bbservizi-immagine\u00a0\u00bb][vc_single_image image=\u00a0\u00bb1164&Prime; img_size=\u00a0\u00bbfull\u00a0\u00bb alignment=\u00a0\u00bbright\u00a0\u00bb][\/vc_column_inner][vc_column_inner width=\u00a0\u00bb3\/4&Prime; el_id=\u00a0\u00bbservizi-testo\u00a0\u00bb][vc_column_text]<\/p>\n<h3>Adaptations orthop\u00e9diques<\/h3>\n<p>Changements et am\u00e9liorations sur vos chaussures de tous les jours.[\/vc_column_text][vc_btn title=\u00a0\u00bbEn savoir plus\u00a0\u00bb style=\u00a0\u00bboutline-custom\u00a0\u00bb outline_custom_color=\u00a0\u00bb#d84646&Prime; outline_custom_hover_background=\u00a0\u00bb#d84646&Prime; outline_custom_hover_text=\u00a0\u00bb#ffffff\u00a0\u00bb link=\u00a0\u00bburl:https%3A%2F%2Fzanini-ortopedia.ch%2Ffr%2Fadaptations-orthopediques%2F|title:Semelle%20Orthop%C3%A9diques\u00a0\u00bb][\/vc_column_inner][\/vc_row_inner][\/vc_column][vc_column width=\u00a0\u00bb1\/2&Prime;][vc_row_inner content_placement=\u00a0\u00bbmiddle\u00a0\u00bb css=\u00a0\u00bb.vc_custom_1747237968471{margin-bottom: 30px !important;}\u00a0\u00bb][vc_column_inner width=\u00a0\u00bb1\/4&Prime; el_id=\u00a0\u00bbservizi-immagine\u00a0\u00bb][vc_single_image image=\u00a0\u00bb1168&Prime; img_size=\u00a0\u00bbfull\u00a0\u00bb][\/vc_column_inner][vc_column_inner width=\u00a0\u00bb3\/4&Prime; el_id=\u00a0\u00bbservizi-testo\u00a0\u00bb][vc_column_text]<\/p>\n<h3>Orth\u00e8ses\/Proth\u00e8ses<\/h3>\n<p>Moyens pour stabiliser, compenser les dysfonctionnement moteur et statiques, ainsi que \u00e0 les amputations.[\/vc_column_text][vc_btn title=\u00a0\u00bbEn savoir plus\u00a0\u00bb style=\u00a0\u00bboutline-custom\u00a0\u00bb outline_custom_color=\u00a0\u00bb#d84646&Prime; outline_custom_hover_background=\u00a0\u00bb#d84646&Prime; outline_custom_hover_text=\u00a0\u00bb#ffffff\u00a0\u00bb link=\u00a0\u00bburl:https%3A%2F%2Fzanini-ortopedia.ch%2Ffr%2Fortheses-protheses%2F|title:Semelle%20Orthop%C3%A9diques\u00a0\u00bb][\/vc_column_inner][\/vc_row_inner][vc_row_inner content_placement=\u00a0\u00bbmiddle\u00a0\u00bb css=\u00a0\u00bb.vc_custom_1747237976301{margin-bottom: 30px !important;}\u00a0\u00bb][vc_column_inner width=\u00a0\u00bb1\/4&Prime; el_id=\u00a0\u00bbservizi-immagine\u00a0\u00bb][vc_single_image image=\u00a0\u00bb1172&Prime; img_size=\u00a0\u00bbfull\u00a0\u00bb][\/vc_column_inner][vc_column_inner width=\u00a0\u00bb3\/4&Prime; el_id=\u00a0\u00bbservizi-testo\u00a0\u00bb][vc_column_text]<\/p>\n<h3>Analyse de la d\u00e9marche<\/h3>\n<p>\u00c0 l\u2019aide de supports techniques, il est possible d\u2019analyser v\u00f4tre style de d\u00e9marche.[\/vc_column_text][vc_btn title=\u00a0\u00bbEn savoir plus\u00a0\u00bb style=\u00a0\u00bboutline-custom\u00a0\u00bb outline_custom_color=\u00a0\u00bb#d84646&Prime; outline_custom_hover_background=\u00a0\u00bb#d84646&Prime; outline_custom_hover_text=\u00a0\u00bb#ffffff\u00a0\u00bb link=\u00a0\u00bburl:https%3A%2F%2Fzanini-ortopedia.ch%2Ffr%2Fanalyse-de-la-demarche%2F|title:Semelle%20Orthop%C3%A9diques\u00a0\u00bb][\/vc_column_inner][\/vc_row_inner][vc_row_inner content_placement=\u00a0\u00bbmiddle\u00a0\u00bb css=\u00a0\u00bb.vc_custom_1747237982983{margin-bottom: 30px !important;}\u00a0\u00bb][vc_column_inner width=\u00a0\u00bb1\/4&Prime; el_id=\u00a0\u00bbservizi-immagine\u00a0\u00bb][vc_single_image image=\u00a0\u00bb1641&Prime; img_size=\u00a0\u00bbfull\u00a0\u00bb][\/vc_column_inner][vc_column_inner width=\u00a0\u00bb3\/4&Prime; el_id=\u00a0\u00bbservizi-testo\u00a0\u00bb][vc_column_text]<\/p>\n<h3>R\u00e9parations<\/h3>\n<p>Nous effectuons des r\u00e9parations sur vos chaussures de tous les jours.[\/vc_column_text][vc_btn title=\u00a0\u00bbEn savoir plus\u00a0\u00bb style=\u00a0\u00bboutline-custom\u00a0\u00bb outline_custom_color=\u00a0\u00bb#d84646&Prime; outline_custom_hover_background=\u00a0\u00bb#d84646&Prime; outline_custom_hover_text=\u00a0\u00bb#ffffff\u00a0\u00bb link=\u00a0\u00bburl:https%3A%2F%2Fzanini-ortopedia.ch%2Ffr%2Freparations%2F|title:Semelle%20Orthop%C3%A9diques\u00a0\u00bb][\/vc_column_inner][\/vc_row_inner][vc_row_inner content_placement=\u00a0\u00bbmiddle\u00a0\u00bb css=\u00a0\u00bb.vc_custom_1747237989632{margin-bottom: 30px !important;}\u00a0\u00bb][vc_column_inner width=\u00a0\u00bb1\/4&Prime; el_id=\u00a0\u00bbservizi-immagine\u00a0\u00bb][vc_single_image image=\u00a0\u00bb1058&Prime; img_size=\u00a0\u00bbfull\u00a0\u00bb][\/vc_column_inner][vc_column_inner width=\u00a0\u00bb3\/4&Prime; el_id=\u00a0\u00bbservizi-testo\u00a0\u00bb][vc_column_text]<\/p>\n<h3>Produits de sant\u00e9<\/h3>\n<p>Bandages, attelles, bas compressifs sur mesure, b\u00e2tons.[\/vc_column_text][vc_btn title=\u00a0\u00bbEn savoir plus\u00a0\u00bb style=\u00a0\u00bboutline-custom\u00a0\u00bb outline_custom_color=\u00a0\u00bb#d84646&Prime; outline_custom_hover_background=\u00a0\u00bb#d84646&Prime; outline_custom_hover_text=\u00a0\u00bb#ffffff\u00a0\u00bb link=\u00a0\u00bburl:https%3A%2F%2Fzanini-ortopedia.ch%2Ffr%2Fproduits-de-sante%2F|title:Semelle%20Orthop%C3%A9diques\u00a0\u00bb][\/vc_column_inner][\/vc_row_inner][\/vc_column][\/vc_row]<\/p>\n<\/section>","protected":false},"excerpt":{"rendered":"<p>[vc_row][vc_column][rev_slider_vc alias=\u00a0\u00bbservizi-fr\u00a0\u00bb][\/vc_column][\/vc_row][vc_row css=\u00a0\u00bb.vc_custom_1540821397214{margin-top: 100px !important;}\u00a0\u00bb][vc_column][\/vc_column][\/vc_row][vc_row css=\u00a0\u00bb.vc_custom_1540821386875{margin-top: 50px !important;margin-bottom: 100px !important;}\u00a0\u00bb][vc_column width=\u00a0\u00bb1\/2&Prime;][vc_row_inner content_placement=\u00a0\u00bbmiddle\u00a0\u00bb css=\u00a0\u00bb.vc_custom_1747237964996{margin-bottom: 30px !important;}\u00a0\u00bb][vc_column_inner width=\u00a0\u00bb1\/4&Prime; el_id=\u00a0\u00bbservizi-immagine-primo\u00a0\u00bb][vc_single_image image=\u00a0\u00bb1054&Prime; img_size=\u00a0\u00bbfull\u00a0\u00bb alignment=\u00a0\u00bbcenter\u00a0\u00bb][\/vc_column_inner][vc_column_inner width=\u00a0\u00bb3\/4&Prime; el_id=\u00a0\u00bbservizi-testo-primo\u00a0\u00bb][vc_column_text] Semelles Ils d\u00e9chargent les point douloureux dans les pieds, corrigent la statique et soulagent tensions.[\/vc_column_text][vc_btn title=\u00a0\u00bbEn savoir plus\u00a0\u00bb style=\u00a0\u00bboutline-custom\u00a0\u00bb outline_custom_color=\u00a0\u00bb#d84646&Prime; outline_custom_hover_background=\u00a0\u00bb#d84646&Prime; outline_custom_hover_text=\u00a0\u00bb#ffffff\u00a0\u00bb link=\u00a0\u00bburl:https%3A%2F%2Fzanini-ortopedia.ch%2Ffr%2Fsemelle-orthopediques%2F|title:Semelle%20Orthop%C3%A9diques\u00a0\u00bb][\/vc_column_inner][\/vc_row_inner][vc_row_inner content_placement=\u00a0\u00bbmiddle\u00a0\u00bb css=\u00a0\u00bb.vc_custom_1747237973387{margin-bottom: 30px !important;}\u00a0\u00bb][vc_column_inner width=\u00a0\u00bb1\/4&Prime; el_id=\u00a0\u00bbservizi-immagine\u00a0\u00bb][vc_single_image image=\u00a0\u00bb1645&Prime; img_size=\u00a0\u00bbfull\u00a0\u00bb alignment=\u00a0\u00bbcenter\u00a0\u00bb][\/vc_column_inner][vc_column_inner width=\u00a0\u00bb3\/4&Prime;&#8230;<\/p>\n","protected":false},"author":1,"featured_media":0,"parent":0,"menu_order":0,"comment_status":"closed","ping_status":"closed","template":"","meta":{"footnotes":""},"_links":{"self":[{"href":"https:\/\/zanini-ortopedia.ch\/fr\/wp-json\/wp\/v2\/pages\/1468"}],"collection":[{"href":"https:\/\/zanini-ortopedia.ch\/fr\/wp-json\/wp\/v2\/pages"}],"about":[{"href":"https:\/\/zanini-ortopedia.ch\/fr\/wp-json\/wp\/v2\/types\/page"}],"author":[{"embeddable":true,"href":"https:\/\/zanini-ortopedia.ch\/fr\/wp-json\/wp\/v2\/users\/1"}],"replies":[{"embeddable":true,"href":"https:\/\/zanini-ortopedia.ch\/fr\/wp-json\/wp\/v2\/comments?post=1468"}],"version-history":[{"count":14,"href":"https:\/\/zanini-ortopedia.ch\/fr\/wp-json\/wp\/v2\/pages\/1468\/revisions"}],"predecessor-version":[{"id":2239,"href":"https:\/\/zanini-ortopedia.ch\/fr\/wp-json\/wp\/v2\/pages\/1468\/revisions\/2239"}],"wp:attachment":[{"href":"https:\/\/zanini-ortopedia.ch\/fr\/wp-json\/wp\/v2\/media?parent=1468"}],"curies":[{"name":"wp","href":"https:\/\/api.w.org\/{rel}","templated":true}]}}