{"id":714,"date":"2018-10-01T14:13:55","date_gmt":"2018-10-01T12:13:55","guid":{"rendered":"http:\/\/zanini-ortopedia.ch\/orthopedie-zanini\/"},"modified":"2018-12-12T12:56:43","modified_gmt":"2018-12-12T10:56:43","slug":"orthopedie-zanini","status":"publish","type":"page","link":"https:\/\/zanini-ortopedia.ch\/fr\/","title":{"rendered":"Orthop\u00e9die Zanini"},"content":{"rendered":"<section class=\"wpb-content-wrapper\"><p>[vc_row full_width=\u00a0\u00bbstretch_row_content_no_spaces\u00a0\u00bb][vc_column][rev_slider_vc alias=\u00a0\u00bbhome-francese\u00a0\u00bb][\/vc_column][\/vc_row][vc_row el_class=\u00a0\u00bbabout-section padding-top-60&Prime;][vc_column]    <div class=\"fekra-heading-style\">\r\n        <header class=\"page-heading text-center small\">\r\n                                        <h1 class=\"heading lime text-capitalize font-medium\">Orthop\u00e9die Zanini<\/h1>\r\n                                    <\/header>\r\n    <\/div>\r\n    [\/vc_column][\/vc_row][vc_row el_class=\u00a0\u00bbabout-section padding-top-25 padding-bottom-60&Prime; css=\u00a0\u00bb.vc_custom_1538062675773{margin-bottom: 50px !important;padding-bottom: 50px !important;}\u00a0\u00bb][vc_column el_class=\u00a0\u00bbabout-section\u00a0\u00bb offset=\u00a0\u00bbvc_col-lg-6 vc_col-md-6&Prime;]    <div class=\"fekra-icon-advanced\">\r\n                    <div class=\"icon-normal\">\r\n                <div class=\"box fekra-icon-align-left\">\r\n                    <h3 class=\"title fekra-icon-size-lg\"><i class=\"fa fa-caret-right\"><\/i>\u00c0 propos de Nous<\/h3>\r\n                    <div><\/div>\r\n                                    <\/div>\r\n            <\/div>\r\n                <\/div>\r\n    [vc_column_text css=\u00a0\u00bb.vc_custom_1538396189816{margin-top: -10px !important;}\u00a0\u00bb]<span style=\"color: #000000; font-size: 16px;\">L\u2019Orthop\u00e9die Zanini a \u00e9t\u00e9 fond\u00e9e en octobre 1982, dont dans les sept premi\u00e8res ann\u00e9es sous forme individuelle et \u00e0 partir de 1989 transform\u00e9 en une soci\u00e9t\u00e9 anonyme. Fondateur est Zanini Fabio n\u00e9 \u00e0 Cavergno en 1953, dipl\u00f4me f\u00e9d\u00e9ral de ma\u00eetre cordonnier en 1977 et de ma\u00eetre cordonnier orthop\u00e9dique en 1981.<span class=\"Apple-converted-space\">\u00a0<\/span><\/span>[\/vc_column_text][vc_column_text css=\u00a0\u00bb.vc_custom_1538396196668{margin-top: -10px !important;}\u00a0\u00bb]<span style=\"color: #000000; font-size: 16px;\">Depuis octobre 2017 la soci\u00e9t\u00e9 a \u00e9t\u00e9 renforc\u00e9e par le fils Emiliano, lui aussi avec dipl\u00f4me f\u00e9d\u00e9ral de ma\u00eetre cordonnier orthop\u00e9dique, en 2015.<span class=\"Apple-converted-space\">\u00a0<\/span><\/span>[\/vc_column_text][vc_column_text css=\u00a0\u00bb.vc_custom_1541685863736{margin-top: -10px !important;}\u00a0\u00bb]<span style=\"color: #000000; font-size: 16px;\">L\u2019Orthop\u00e9die Zanini est une entreprise qui s\u2019occupe principalement des probl\u00e8mes ortho &#8211; statiques, dynamique et de marche.<span class=\"Apple-converted-space\">\u00a0<\/span><\/span>[\/vc_column_text]    <div class=\"fekra-btn vc_btn3-containers vc_btn3-inline fekra_btn_position_ubtn-left vc_tta-container  vc_custom_1544517156895\">\r\n    <a onmouseleave=\"this.style.borderColor='transparent'; this.style.backgroundColor='#d84647'; this.style.color='#ffffff'\" href=\"https:\/\/zanini-ortopedia.ch\/fr\/a-propos-de-nous\/\" title=\"\" target=\"_self\" style=\"background-color:#d84647; border-color:transparent; color:#ffffff; font-size:12px; line-height:16px;\" class=\"vc_btn3-size-ubtn-normal btn\">En savoir plus<\/a><\/div>[\/vc_column][vc_column offset=\u00a0\u00bbvc_col-lg-6 vc_col-md-6&Prime;][vc_row_inner][vc_column_inner width=\u00a0\u00bb1\/2&Prime;][vc_single_image image=\u00a0\u00bb1238&Prime; img_size=\u00a0\u00bbfull\u00a0\u00bb css=\u00a0\u00bb.vc_custom_1540823142765{margin-bottom: 28px !important;}\u00a0\u00bb][vc_single_image image=\u00a0\u00bb1232&Prime; img_size=\u00a0\u00bbfull\u00a0\u00bb][\/vc_column_inner][vc_column_inner width=\u00a0\u00bb1\/2&Prime;][vc_single_image image=\u00a0\u00bb1241&Prime; img_size=\u00a0\u00bbfull\u00a0\u00bb][\/vc_column_inner][\/vc_row_inner][\/vc_column][\/vc_row][vc_row full_width=\u00a0\u00bbstretch_row\u00a0\u00bb bg_color_opacity=\u00a0\u00bbenable_color_opacity\u00a0\u00bb color_op=\u00a0\u00bb#efefef\u00a0\u00bb css=\u00a0\u00bb.vc_custom_1538151532889{padding-top: 100px !important;}\u00a0\u00bb][vc_column]    <div class=\"fekra-heading-style\">\r\n        <header class=\"page-heading text-center small\">\r\n                                        <h1 class=\"heading margin-bottom-10 padding-bottom-10 lime text-capitalize font-medium\">Nos services<\/h1>\r\n                            <p style=\"text-align: center;\">Nous sommes \u00e0 votre disposition pour vous aider quel que soit votre d\u00e9sir, probl\u00e8me ou votre question. Laissez-nous vous conseiller professionnellement, ensemble nous trouverons la solution id\u00e9ale.<\/p>\n        <\/header>\r\n    <\/div>\r\n    [\/vc_column][\/vc_row][vc_row full_width=\u00a0\u00bbstretch_row\u00a0\u00bb bg_color_opacity=\u00a0\u00bbenable_color_opacity\u00a0\u00bb color_op=\u00a0\u00bb#efefef\u00a0\u00bb css=\u00a0\u00bb.vc_custom_1538381848402{margin-top: -50px !important;padding-bottom: 100px !important;}\u00a0\u00bb el_id=\u00a0\u00bbcontain-servizi-home\u00a0\u00bb][vc_column width=\u00a0\u00bb4\/12&Prime; el_id=\u00a0\u00bbservizihome-sx\u00a0\u00bb][vc_row_inner content_placement=\u00a0\u00bbmiddle\u00a0\u00bb][vc_column_inner width=\u00a0\u00bb4\/6&Prime; el_id=\u00a0\u00bbservizi-testo-primo\u00a0\u00bb][vc_column_text]<\/p>\n<h3 style=\"text-align: right;\">Semelles<\/h3>\n<p style=\"text-align: right;\">Ils d\u00e9chargent les point douloureux dans les pieds, corrigent la statique et soulagent tensions.<\/p>\n<p style=\"text-align: right;\"><a href=\"https:\/\/zanini-ortopedia.ch\/fr\/semelle-orthopediques\/\"><strong>En savoir plus<\/strong><\/a><\/p>\n<p>[\/vc_column_text][\/vc_column_inner][vc_column_inner width=\u00a0\u00bb2\/6&Prime; el_id=\u00a0\u00bbservizi-immagine-primo\u00a0\u00bb][vc_single_image image=\u00a0\u00bb1054&Prime; img_size=\u00a0\u00bbfull\u00a0\u00bb alignment=\u00a0\u00bbright\u00a0\u00bb][\/vc_column_inner][\/vc_row_inner][vc_row_inner content_placement=\u00a0\u00bbmiddle\u00a0\u00bb][vc_column_inner width=\u00a0\u00bb4\/6&Prime; el_id=\u00a0\u00bbservizi-testo\u00a0\u00bb][vc_column_text]<\/p>\n<h3 style=\"text-align: right;\">Chaussures Orthop\u00e9diques<\/h3>\n<p style=\"text-align: right;\">Chaussures sur mesure r\u00e9alis\u00e9es sur la forme de votre pied.<\/p>\n<p style=\"text-align: right;\"><a href=\"https:\/\/zanini-ortopedia.ch\/fr\/chaussures-orthopediques-sur-mesure\/\"><strong>En savoir plus<\/strong><\/a><\/p>\n<p>[\/vc_column_text][\/vc_column_inner][vc_column_inner width=\u00a0\u00bb2\/6&Prime; el_id=\u00a0\u00bbservizi-immagine\u00a0\u00bb][vc_single_image image=\u00a0\u00bb1645&Prime; img_size=\u00a0\u00bbfull\u00a0\u00bb alignment=\u00a0\u00bbright\u00a0\u00bb][\/vc_column_inner][\/vc_row_inner][vc_row_inner content_placement=\u00a0\u00bbmiddle\u00a0\u00bb][vc_column_inner width=\u00a0\u00bb4\/6&Prime; el_id=\u00a0\u00bbservizi-testo\u00a0\u00bb][vc_column_text]<\/p>\n<h3 style=\"text-align: right;\">Chaussures standard<\/h3>\n<p style=\"text-align: right;\">Chaussures orthop\u00e9diques standard adapt\u00e9 avec des semelles int\u00e9gr\u00e9es.<\/p>\n<p style=\"text-align: right;\"><a href=\"https:\/\/zanini-ortopedia.ch\/fr\/chaussures-standard\/\"><strong>En savoir plus<\/strong><\/a><\/p>\n<p>[\/vc_column_text][\/vc_column_inner][vc_column_inner width=\u00a0\u00bb2\/6&Prime; el_id=\u00a0\u00bbservizi-immagine\u00a0\u00bb][vc_single_image image=\u00a0\u00bb1034&Prime; img_size=\u00a0\u00bbfull\u00a0\u00bb alignment=\u00a0\u00bbright\u00a0\u00bb][\/vc_column_inner][\/vc_row_inner][vc_row_inner content_placement=\u00a0\u00bbmiddle\u00a0\u00bb][vc_column_inner width=\u00a0\u00bb4\/6&Prime; el_id=\u00a0\u00bbservizi-testo\u00a0\u00bb][vc_column_text]<\/p>\n<h3 style=\"text-align: right;\">Adaptations orthop\u00e9diques<\/h3>\n<p style=\"text-align: right;\">Changements et am\u00e9liorations sur vos chaussures de tous les jours.<\/p>\n<p style=\"text-align: right;\"><a href=\"https:\/\/zanini-ortopedia.ch\/fr\/adaptations-orthopediques\/\"><strong>En savoir plus<\/strong><\/a><\/p>\n<p>[\/vc_column_text][\/vc_column_inner][vc_column_inner width=\u00a0\u00bb2\/6&Prime; el_id=\u00a0\u00bbservizi-immagine\u00a0\u00bb][vc_single_image image=\u00a0\u00bb1164&Prime; img_size=\u00a0\u00bbfull\u00a0\u00bb alignment=\u00a0\u00bbright\u00a0\u00bb][\/vc_column_inner][\/vc_row_inner][\/vc_column][vc_column width=\u00a0\u00bb4\/12&Prime; el_id=\u00a0\u00bbservizihome-images\u00a0\u00bb][rev_slider_vc alias=\u00a0\u00bbscarpe\u00a0\u00bb][\/vc_column][vc_column width=\u00a0\u00bb4\/12&Prime; el_id=\u00a0\u00bbservizihome-dx\u00a0\u00bb][vc_row_inner content_placement=\u00a0\u00bbmiddle\u00a0\u00bb][vc_column_inner width=\u00a0\u00bb2\/6&Prime; el_id=\u00a0\u00bbservizi-immagine\u00a0\u00bb][vc_single_image image=\u00a0\u00bb1168&Prime; img_size=\u00a0\u00bbfull\u00a0\u00bb][\/vc_column_inner][vc_column_inner width=\u00a0\u00bb4\/6&Prime; el_id=\u00a0\u00bbservizi-testo\u00a0\u00bb][vc_column_text]<\/p>\n<h3 style=\"text-align: left;\">Orth\u00e8ses\/Proth\u00e8ses<\/h3>\n<p style=\"text-align: left;\">Moyens pour stabiliser, compenser les dysfonctionnement moteur et statiques, ainsi que \u00e0 les amputations.<\/p>\n<p style=\"text-align: left;\"><a href=\"https:\/\/zanini-ortopedia.ch\/fr\/ortheses-protheses\/\"><strong>En savoir plus<\/strong><\/a><\/p>\n<p>[\/vc_column_text][\/vc_column_inner][\/vc_row_inner][vc_row_inner content_placement=\u00a0\u00bbmiddle\u00a0\u00bb][vc_column_inner width=\u00a0\u00bb2\/6&Prime; el_id=\u00a0\u00bbservizi-immagine\u00a0\u00bb][vc_single_image image=\u00a0\u00bb1172&Prime; img_size=\u00a0\u00bbfull\u00a0\u00bb][\/vc_column_inner][vc_column_inner width=\u00a0\u00bb4\/6&Prime; el_id=\u00a0\u00bbservizi-testo\u00a0\u00bb][vc_column_text]<\/p>\n<h3 style=\"text-align: left;\">Analyse de la d\u00e9marche<\/h3>\n<p>\u00c0 l\u2019aide de supports techniques, il est possible d\u2019analyser v\u00f4tre style de d\u00e9marche.<\/p>\n<p style=\"text-align: left;\"><a href=\"https:\/\/zanini-ortopedia.ch\/fr\/analyse-de-la-demarche\/\"><strong>En savoir plus<\/strong><\/a><\/p>\n<p>[\/vc_column_text][\/vc_column_inner][\/vc_row_inner][vc_row_inner content_placement=\u00a0\u00bbmiddle\u00a0\u00bb][vc_column_inner width=\u00a0\u00bb2\/6&Prime; el_id=\u00a0\u00bbservizi-immagine\u00a0\u00bb][vc_single_image image=\u00a0\u00bb1641&Prime; img_size=\u00a0\u00bbfull\u00a0\u00bb][\/vc_column_inner][vc_column_inner width=\u00a0\u00bb4\/6&Prime; el_id=\u00a0\u00bbservizi-testo\u00a0\u00bb][vc_column_text]<\/p>\n<h3 style=\"text-align: left;\">R\u00e9parations<\/h3>\n<p>Nous effectuons des r\u00e9parations sur vos chaussures de tous les jours.<\/p>\n<p style=\"text-align: left;\"><a href=\"https:\/\/zanini-ortopedia.ch\/fr\/reparations\/\"><strong>En savoir plus<\/strong><\/a><\/p>\n<p>[\/vc_column_text][\/vc_column_inner][\/vc_row_inner][vc_row_inner content_placement=\u00a0\u00bbmiddle\u00a0\u00bb][vc_column_inner width=\u00a0\u00bb2\/6&Prime; el_id=\u00a0\u00bbservizi-immagine\u00a0\u00bb][vc_single_image image=\u00a0\u00bb1058&Prime; img_size=\u00a0\u00bbfull\u00a0\u00bb][\/vc_column_inner][vc_column_inner width=\u00a0\u00bb4\/6&Prime; el_id=\u00a0\u00bbservizi-testo\u00a0\u00bb][vc_column_text]<\/p>\n<h3 style=\"text-align: left;\">Produits de sant\u00e9<\/h3>\n<p>Bandages, attelles, bas compressifs sur mesure, <span lang=\"FR-CH\">b\u00e2tons et beaucoup plus. \u00a0<\/span><\/p>\n<p style=\"text-align: left;\"><a href=\"https:\/\/zanini-ortopedia.ch\/fr\/produits-de-sante\/\"><strong>En savoir plus<\/strong><\/a><\/p>\n<p>[\/vc_column_text][\/vc_column_inner][\/vc_row_inner][\/vc_column][\/vc_row][vc_row full_width=\u00a0\u00bbstretch_row\u00a0\u00bb css=\u00a0\u00bb.vc_custom_1538469641651{padding-top: 100px !important;}\u00a0\u00bb][vc_column]    <div class=\"fekra-heading-style  vc_custom_1541686864529\">\r\n        <header class=\"page-heading text-center small\">\r\n                                        <h1 class=\"heading margin-bottom-10 padding-bottom-10 lime text-capitalize font-medium\">Chaussures et leurs soins<\/h1>\r\n                            <p style=\"text-align: center;\"><span lang=\"FR-CH\">On doit toujours avoir la chaussure id\u00e9ale pour ce que on fait<\/span><\/p>\n        <\/header>\r\n    <\/div>\r\n    [\/vc_column][\/vc_row][vc_row el_class=\u00a0\u00bbabout-section padding-top-25 padding-bottom-60&Prime; css=\u00a0\u00bb.vc_custom_1538469657711{margin-bottom: 100px !important;}\u00a0\u00bb][vc_column el_class=\u00a0\u00bbabout-section\u00a0\u00bb offset=\u00a0\u00bbvc_col-lg-6 vc_col-md-6&Prime;][vc_row_inner][vc_column_inner][vc_single_image image=\u00a0\u00bb1210&Prime; img_size=\u00a0\u00bbfull\u00a0\u00bb css=\u00a0\u00bb.vc_custom_1540481300915{margin-bottom: 28px !important;}\u00a0\u00bb][\/vc_column_inner][\/vc_row_inner][vc_row_inner][vc_column_inner][vc_single_image image=\u00a0\u00bb1217&Prime; img_size=\u00a0\u00bbfull\u00a0\u00bb css=\u00a0\u00bb.vc_custom_1540481467824{margin-bottom: 28px !important;}\u00a0\u00bb][\/vc_column_inner][\/vc_row_inner][vc_row_inner][vc_column_inner][vc_single_image image=\u00a0\u00bb1221&Prime; img_size=\u00a0\u00bbfull\u00a0\u00bb css=\u00a0\u00bb.vc_custom_1540481615666{margin-bottom: 28px !important;}\u00a0\u00bb][\/vc_column_inner][\/vc_row_inner][\/vc_column][vc_column offset=\u00a0\u00bbvc_col-lg-6 vc_col-md-6&Prime;][vc_column_text css=\u00a0\u00bb.vc_custom_1540824317326{margin-top: -10px !important;}\u00a0\u00bb]<span style=\"color: #000000; font-size: 18px;\">La chaussure est un objet tr\u00e8s important pour notre bien-\u00eatre! Plusieurs fois nous ne lui donnons pas la bonne importance qu\u2019il m\u00e9rite. Certains d\u2019entre nous travaillent toute la journ\u00e9e restant debout, d\u2019autres poussent les pieds et le corps avec le sport et certains portent les m\u00eames pantoufles tout le jour.<\/span>[\/vc_column_text][vc_column_text css=\u00a0\u00bb.vc_custom_1541683884974{margin-top: -10px !important;}\u00a0\u00bb]<span style=\"color: #000000; font-size: 18px;\">C\u2019est pour \u00e7a que on doit toujours avoir la chaussure id\u00e9ale pour ce que on fait!<\/span><\/p>\n<p><span style=\"color: #000000; font-size: 18px;\"><br \/>\nSi trop petit, sans renforts ni stabilit\u00e9, en fonction du besoin, cela peut affecter n\u00e9gativement et donc causer des probl\u00e8mes.<br \/>\n<\/span>[\/vc_column_text][vc_column_text css=\u00a0\u00bb.vc_custom_1540824348778{margin-top: -10px !important;}\u00a0\u00bb]<span style=\"color: #000000; font-size: 18px;\">En tant que laboratoire orthop\u00e9dique, nous n\u2019avons pas annex\u00e9 un magasin de chaussures, mais nous pouvons toujours vous montrer certains mod\u00e8les et surtout recommander la chaussure qui vous convient.<br \/>\nQue ce soit des chaussures pour la maison ou pour l\u2019ext\u00e9rieur, sandales, chaussures de sport, bottes de montagne ou chaussures de travail, nous pouvons commander des chaussures chez certains fournisseurs avec lesquels nous collaborons (par exemple : Finn Comfort, Str\u00f6ber, Meindl, Husko).<br \/>\n<\/span>[\/vc_column_text][vc_column_text css=\u00a0\u00bb.vc_custom_1541683643375{margin-top: -10px !important;}\u00a0\u00bb]<span style=\"color: #000000; font-size: 18px;\">De plus, vous pouvez trouver les produits utiles pour le soin de vos chaussures :<\/span><\/p>\n<ul>\n<li><span style=\"color: #000000; font-size: 18px;\">Polis ou graisses pour cuir lisse ou su\u00e9d\u00e9<\/span><\/li>\n<li><span style=\"color: #000000; font-size: 18px;\">Spray d\u2019\u00e9tanch\u00e9it\u00e9 <\/span><\/li>\n<li><span style=\"color: #000000; font-size: 18px;\">Brosses<\/span><\/li>\n<li><span style=\"color: #000000; font-size: 18px;\">Lacets <\/span><\/li>\n<li><span style=\"color: #000000; font-size: 18px;\">Chausse-pied<\/span><\/li>\n<\/ul>\n<p><span style=\"color: #000000; font-size: 18px;\">&#8230; Et d\u2019autres produits.<br \/>\n<\/span>[\/vc_column_text][\/vc_column][\/vc_row][vc_row full_width=\u00a0\u00bbstretch_row_content_no_spaces\u00a0\u00bb css=\u00a0\u00bb.vc_custom_1538136662695{margin-bottom: -35px !important;}\u00a0\u00bb][vc_column][vc_gmaps link=\u00a0\u00bb#E-8_JTNDaWZyYW1lJTIwc3JjJTNEJTIyaHR0cHMlM0ElMkYlMkZ3d3cuZ29vZ2xlLmNvbSUyRm1hcHMlMkZlbWJlZCUzRnBiJTNEJTIxMW0xNCUyMTFtOCUyMTFtMyUyMTFkMTEwNTEuMjU1NzMyNzgzNzgyJTIxMmQ4LjgwNjc5NDMlMjEzZDQ2LjE3NDM1OTUlMjEzbTIlMjExaTEwMjQlMjEyaTc2OCUyMTRmMTMuMSUyMTNtMyUyMTFtMiUyMTFzMHgwJTI1M0EweDk4ZDQ2MDg2N2MzYWFkYTglMjEyc1phbmluaSUyQk9ydG9wZWRpYSUyQlNBJTIxNWUwJTIxM20yJTIxMXNpdCUyMTJzY2glMjE0djE1MzgxMzY1NTAwMzklMjIlMjB3aWR0aCUzRCUyMjgwMCUyMiUyMGhlaWdodCUzRCUyMjYwMCUyMiUyMGZyYW1lYm9yZGVyJTNEJTIyMCUyMiUyMHN0eWxlJTNEJTIyYm9yZGVyJTNBMCUyMiUyMGFsbG93ZnVsbHNjcmVlbiUzRSUzQyUyRmlmcmFtZSUzRQ==\u00a0\u00bb][\/vc_column][\/vc_row]<\/p>\n<\/section>","protected":false},"excerpt":{"rendered":"<p>[vc_row full_width=\u00a0\u00bbstretch_row_content_no_spaces\u00a0\u00bb][vc_column][rev_slider_vc alias=\u00a0\u00bbhome-francese\u00a0\u00bb][\/vc_column][\/vc_row][vc_row el_class=\u00a0\u00bbabout-section padding-top-60&Prime;][vc_column][\/vc_column][\/vc_row][vc_row el_class=\u00a0\u00bbabout-section padding-top-25 padding-bottom-60&Prime; css=\u00a0\u00bb.vc_custom_1538062675773{margin-bottom: 50px !important;padding-bottom: 50px !important;}\u00a0\u00bb][vc_column el_class=\u00a0\u00bbabout-section\u00a0\u00bb offset=\u00a0\u00bbvc_col-lg-6 vc_col-md-6&Prime;][vc_column_text css=\u00a0\u00bb.vc_custom_1538396189816{margin-top: -10px !important;}\u00a0\u00bb]L\u2019Orthop\u00e9die Zanini a \u00e9t\u00e9 fond\u00e9e en octobre 1982, dont dans les sept premi\u00e8res ann\u00e9es sous forme individuelle et \u00e0 partir de 1989 transform\u00e9 en une soci\u00e9t\u00e9 anonyme. Fondateur est Zanini Fabio n\u00e9 \u00e0 Cavergno en 1953, dipl\u00f4me&#8230;<\/p>\n","protected":false},"author":1,"featured_media":0,"parent":0,"menu_order":0,"comment_status":"closed","ping_status":"closed","template":"","meta":{"footnotes":""},"_links":{"self":[{"href":"https:\/\/zanini-ortopedia.ch\/fr\/wp-json\/wp\/v2\/pages\/714"}],"collection":[{"href":"https:\/\/zanini-ortopedia.ch\/fr\/wp-json\/wp\/v2\/pages"}],"about":[{"href":"https:\/\/zanini-ortopedia.ch\/fr\/wp-json\/wp\/v2\/types\/page"}],"author":[{"embeddable":true,"href":"https:\/\/zanini-ortopedia.ch\/fr\/wp-json\/wp\/v2\/users\/1"}],"replies":[{"embeddable":true,"href":"https:\/\/zanini-ortopedia.ch\/fr\/wp-json\/wp\/v2\/comments?post=714"}],"version-history":[{"count":32,"href":"https:\/\/zanini-ortopedia.ch\/fr\/wp-json\/wp\/v2\/pages\/714\/revisions"}],"predecessor-version":[{"id":2278,"href":"https:\/\/zanini-ortopedia.ch\/fr\/wp-json\/wp\/v2\/pages\/714\/revisions\/2278"}],"wp:attachment":[{"href":"https:\/\/zanini-ortopedia.ch\/fr\/wp-json\/wp\/v2\/media?parent=714"}],"curies":[{"name":"wp","href":"https:\/\/api.w.org\/{rel}","templated":true}]}}